{"id":9843,"date":"2026-01-07T16:12:51","date_gmt":"2026-01-07T08:12:51","guid":{"rendered":"https:\/\/www.gmcellpower.com\/?page_id=9843"},"modified":"2026-03-05T11:28:17","modified_gmt":"2026-03-05T03:28:17","slug":"dealer","status":"publish","type":"page","link":"https:\/\/www.gmcellpower.com\/cs\/dealer\/","title":{"rendered":"Sta\u0148te se na\u0161\u00edm prodejcem"},"content":{"rendered":"<div class=\"wpb-content-wrapper\"><div data-vc-full-width=\"true\" data-vc-full-width-temp=\"true\" data-vc-full-width-init=\"false\" class=\"vc_row wpb_row vc_row-fluid vc_custom_1535551209947 vc_row-has-fill vc_row-o-equal-height vc_row-o-content-middle vc_row-flex\"><div class=\"wpb_column vc_column_container vc_col-sm-4 vc_col-lg-3 vc_col-md-3\"><div class=\"vc_column-inner vc_custom_1497353286307\"><div class=\"wpb_wrapper\">\n\t\t<div id=\"wd-69a64c7fb444e\" class=\"title-wrapper wd-wpb wd-set-mb reset-last-child  wd-rs-69a64c7fb444e wd-title-color-default wd-title-style-default text-center vc_custom_1772506269823 wd-underline-colored\">\n\t\t\t\n\t\t\t<div class=\"liner-continer\">\n\t\t\t\t<h4 class=\"woodmart-title-container title  wd-font-weight- wd-fontsize-l\" >Strong Manufacturing Capability<\/h4>\n\t\t\t\t\t\t\t<\/div>\n\t\t\t\n\t\t\t\t\t\t\t<div class=\"title-after_title reset-last-child  wd-fontsize-xs\">With 25 years of industry experience, we combine solid R&amp;D strength with strict quality control at every production stage. Our products meet international standards such as FCC, CE, and RoHS.Bulk orders deliver within 2-3 weeks,Current stock allows for delivery within 3-7 days.<\/div>\n\t\t\t\n\t\t\t\n\t\t<\/div>\n\t\t\n\t\t<div id=\"wd-69a64ca37bb18\" class=\"wd-rs-69a64ca37bb18  wd-button-wrapper text-center\"><a href=\"https:\/\/www.gmcellpower.com\/batteries\/\" title=\"\" class=\"btn btn-color-primary btn-style-link btn-shape-rectangle btn-size-default xtemos-show-demos\">View All<\/a><\/div><\/div><\/div><\/div><div class=\"wpb_column vc_column_container vc_col-sm-8 vc_col-lg-9 vc_col-md-9\"><div class=\"vc_column-inner vc_custom_1497353278195\"><div class=\"wpb_wrapper\">\t\t<div id=\"gallery_805\" class=\"wd-images-gallery wd-wpb wd-rs-69a64af111be9 wd-carousel-container wd-wpb\" style=\"--wd-justify-content:center;--wd-align-items:center;\">\n\t\t\t\t\t\t\t<div class=\"wd-carousel-inner\">\n\t\t\t\n\t\t\t<div class=\"wd-carousel wd-grid\"data-scroll_per_page=\"yes\" style=\"--wd-col-lg:4;--wd-col-md:4;--wd-col-sm:1;--wd-gap-lg:2px;\">\n\t\t\t\t\t\t\t\t\t<div class=\"wd-carousel-wrap\">\n\t\t\t\t\n\t\t\t\t\t\t\t\t\t\t\t\t\t\t\t<div class=\"wd-gallery-item wd-carousel-item\">\n\t\t\t\t\t\t\t\n\t\t\t\t\t\t\t\t<img loading=\"lazy\" decoding=\"async\" width=\"800\" height=\"450\" src=\"https:\/\/www.gmcellpower.com\/wp-content\/uploads\/2026\/01\/gmcell-1.jpg\" class=\"wd-gallery-image image-1\" alt=\"\" srcset=\"https:\/\/www.gmcellpower.com\/wp-content\/uploads\/2026\/01\/gmcell-1.jpg 800w, https:\/\/www.gmcellpower.com\/wp-content\/uploads\/2026\/01\/gmcell-1-400x225.jpg 400w, https:\/\/www.gmcellpower.com\/wp-content\/uploads\/2026\/01\/gmcell-1-768x432.jpg 768w, https:\/\/www.gmcellpower.com\/wp-content\/uploads\/2026\/01\/gmcell-1-18x10.jpg 18w, https:\/\/www.gmcellpower.com\/wp-content\/uploads\/2026\/01\/gmcell-1-430x242.jpg 430w, https:\/\/www.gmcellpower.com\/wp-content\/uploads\/2026\/01\/gmcell-1-700x394.jpg 700w, https:\/\/www.gmcellpower.com\/wp-content\/uploads\/2026\/01\/gmcell-1-150x84.jpg 150w\" sizes=\"auto, (max-width: 800px) 100vw, 800px\" \/>\n\t\t\t\t\t\t\t\t\t\t\t\t\t\t<\/div>\n\t\t\t\t\t\t\t\t\t\t\t<div class=\"wd-gallery-item wd-carousel-item\">\n\t\t\t\t\t\t\t\n\t\t\t\t\t\t\t\t<img loading=\"lazy\" decoding=\"async\" width=\"800\" height=\"450\" src=\"https:\/\/www.gmcellpower.com\/wp-content\/uploads\/2026\/01\/gmcell.jpg\" class=\"wd-gallery-image image-2\" alt=\"\" srcset=\"https:\/\/www.gmcellpower.com\/wp-content\/uploads\/2026\/01\/gmcell.jpg 800w, https:\/\/www.gmcellpower.com\/wp-content\/uploads\/2026\/01\/gmcell-400x225.jpg 400w, https:\/\/www.gmcellpower.com\/wp-content\/uploads\/2026\/01\/gmcell-768x432.jpg 768w, https:\/\/www.gmcellpower.com\/wp-content\/uploads\/2026\/01\/gmcell-18x10.jpg 18w, https:\/\/www.gmcellpower.com\/wp-content\/uploads\/2026\/01\/gmcell-430x242.jpg 430w, https:\/\/www.gmcellpower.com\/wp-content\/uploads\/2026\/01\/gmcell-700x394.jpg 700w, https:\/\/www.gmcellpower.com\/wp-content\/uploads\/2026\/01\/gmcell-150x84.jpg 150w\" sizes=\"auto, (max-width: 800px) 100vw, 800px\" \/>\n\t\t\t\t\t\t\t\t\t\t\t\t\t\t<\/div>\n\t\t\t\t\t\t\t\t\t\t\t<div class=\"wd-gallery-item wd-carousel-item\">\n\t\t\t\t\t\t\t\n\t\t\t\t\t\t\t\t<img loading=\"lazy\" decoding=\"async\" width=\"800\" height=\"450\" src=\"https:\/\/www.gmcellpower.com\/wp-content\/uploads\/2026\/01\/gmcell-2.jpg\" class=\"wd-gallery-image image-3\" alt=\"\" srcset=\"https:\/\/www.gmcellpower.com\/wp-content\/uploads\/2026\/01\/gmcell-2.jpg 800w, https:\/\/www.gmcellpower.com\/wp-content\/uploads\/2026\/01\/gmcell-2-400x225.jpg 400w, https:\/\/www.gmcellpower.com\/wp-content\/uploads\/2026\/01\/gmcell-2-768x432.jpg 768w, https:\/\/www.gmcellpower.com\/wp-content\/uploads\/2026\/01\/gmcell-2-18x10.jpg 18w, https:\/\/www.gmcellpower.com\/wp-content\/uploads\/2026\/01\/gmcell-2-430x242.jpg 430w, https:\/\/www.gmcellpower.com\/wp-content\/uploads\/2026\/01\/gmcell-2-700x394.jpg 700w, https:\/\/www.gmcellpower.com\/wp-content\/uploads\/2026\/01\/gmcell-2-150x84.jpg 150w\" sizes=\"auto, (max-width: 800px) 100vw, 800px\" \/>\n\t\t\t\t\t\t\t\t\t\t\t\t\t\t<\/div>\n\t\t\t\t\t\t\t\t\t\t\t<div class=\"wd-gallery-item wd-carousel-item\">\n\t\t\t\t\t\t\t\n\t\t\t\t\t\t\t\t<img loading=\"lazy\" decoding=\"async\" width=\"800\" height=\"450\" src=\"https:\/\/www.gmcellpower.com\/wp-content\/uploads\/2026\/01\/workshop-2-1.jpg\" class=\"wd-gallery-image image-4\" alt=\"\" srcset=\"https:\/\/www.gmcellpower.com\/wp-content\/uploads\/2026\/01\/workshop-2-1.jpg 800w, https:\/\/www.gmcellpower.com\/wp-content\/uploads\/2026\/01\/workshop-2-1-400x225.jpg 400w, https:\/\/www.gmcellpower.com\/wp-content\/uploads\/2026\/01\/workshop-2-1-768x432.jpg 768w, https:\/\/www.gmcellpower.com\/wp-content\/uploads\/2026\/01\/workshop-2-1-18x10.jpg 18w, https:\/\/www.gmcellpower.com\/wp-content\/uploads\/2026\/01\/workshop-2-1-430x242.jpg 430w, https:\/\/www.gmcellpower.com\/wp-content\/uploads\/2026\/01\/workshop-2-1-700x394.jpg 700w, https:\/\/www.gmcellpower.com\/wp-content\/uploads\/2026\/01\/workshop-2-1-150x84.jpg 150w\" sizes=\"auto, (max-width: 800px) 100vw, 800px\" \/>\n\t\t\t\t\t\t\t\t\t\t\t\t\t\t<\/div>\n\t\t\t\t\t\t\t\t\t\t\t<div class=\"wd-gallery-item wd-carousel-item\">\n\t\t\t\t\t\t\t\n\t\t\t\t\t\t\t\t<img loading=\"lazy\" decoding=\"async\" width=\"800\" height=\"450\" src=\"https:\/\/www.gmcellpower.com\/wp-content\/uploads\/2026\/01\/workshop-1-1.jpg\" class=\"wd-gallery-image image-5\" alt=\"\" srcset=\"https:\/\/www.gmcellpower.com\/wp-content\/uploads\/2026\/01\/workshop-1-1.jpg 800w, https:\/\/www.gmcellpower.com\/wp-content\/uploads\/2026\/01\/workshop-1-1-400x225.jpg 400w, https:\/\/www.gmcellpower.com\/wp-content\/uploads\/2026\/01\/workshop-1-1-768x432.jpg 768w, https:\/\/www.gmcellpower.com\/wp-content\/uploads\/2026\/01\/workshop-1-1-18x10.jpg 18w, https:\/\/www.gmcellpower.com\/wp-content\/uploads\/2026\/01\/workshop-1-1-430x242.jpg 430w, https:\/\/www.gmcellpower.com\/wp-content\/uploads\/2026\/01\/workshop-1-1-700x394.jpg 700w, https:\/\/www.gmcellpower.com\/wp-content\/uploads\/2026\/01\/workshop-1-1-150x84.jpg 150w\" sizes=\"auto, (max-width: 800px) 100vw, 800px\" \/>\n\t\t\t\t\t\t\t\t\t\t\t\t\t\t<\/div>\n\t\t\t\t\t\t\t\t\t\t\t<div class=\"wd-gallery-item wd-carousel-item\">\n\t\t\t\t\t\t\t\n\t\t\t\t\t\t\t\t<img loading=\"lazy\" decoding=\"async\" width=\"800\" height=\"450\" src=\"https:\/\/www.gmcellpower.com\/wp-content\/uploads\/2026\/01\/workshop-2.jpg\" class=\"wd-gallery-image image-6\" alt=\"\" srcset=\"https:\/\/www.gmcellpower.com\/wp-content\/uploads\/2026\/01\/workshop-2.jpg 800w, https:\/\/www.gmcellpower.com\/wp-content\/uploads\/2026\/01\/workshop-2-400x225.jpg 400w, https:\/\/www.gmcellpower.com\/wp-content\/uploads\/2026\/01\/workshop-2-768x432.jpg 768w, https:\/\/www.gmcellpower.com\/wp-content\/uploads\/2026\/01\/workshop-2-18x10.jpg 18w, https:\/\/www.gmcellpower.com\/wp-content\/uploads\/2026\/01\/workshop-2-430x242.jpg 430w, https:\/\/www.gmcellpower.com\/wp-content\/uploads\/2026\/01\/workshop-2-700x394.jpg 700w, https:\/\/www.gmcellpower.com\/wp-content\/uploads\/2026\/01\/workshop-2-150x84.jpg 150w\" sizes=\"auto, (max-width: 800px) 100vw, 800px\" \/>\n\t\t\t\t\t\t\t\t\t\t\t\t\t\t<\/div>\n\t\t\t\t\t\t\t\t\t\t\t<div class=\"wd-gallery-item wd-carousel-item\">\n\t\t\t\t\t\t\t\n\t\t\t\t\t\t\t\t<img loading=\"lazy\" decoding=\"async\" width=\"800\" height=\"450\" src=\"https:\/\/www.gmcellpower.com\/wp-content\/uploads\/2026\/01\/gmcell-5.jpg\" class=\"wd-gallery-image image-7\" alt=\"\" srcset=\"https:\/\/www.gmcellpower.com\/wp-content\/uploads\/2026\/01\/gmcell-5.jpg 800w, https:\/\/www.gmcellpower.com\/wp-content\/uploads\/2026\/01\/gmcell-5-400x225.jpg 400w, https:\/\/www.gmcellpower.com\/wp-content\/uploads\/2026\/01\/gmcell-5-768x432.jpg 768w, https:\/\/www.gmcellpower.com\/wp-content\/uploads\/2026\/01\/gmcell-5-18x10.jpg 18w, https:\/\/www.gmcellpower.com\/wp-content\/uploads\/2026\/01\/gmcell-5-430x242.jpg 430w, https:\/\/www.gmcellpower.com\/wp-content\/uploads\/2026\/01\/gmcell-5-700x394.jpg 700w, https:\/\/www.gmcellpower.com\/wp-content\/uploads\/2026\/01\/gmcell-5-150x84.jpg 150w\" sizes=\"auto, (max-width: 800px) 100vw, 800px\" \/>\n\t\t\t\t\t\t\t\t\t\t\t\t\t\t<\/div>\n\t\t\t\t\t\t\t\t\t\n\t\t\t\t\t\t\t\t\t<\/div>\n\t\t\t\t\t\t\t<\/div>\n\n\t\t\t\t\t\t\t\t\t\t\t\t\t\t<div class=\"wd-nav-arrows wd-pos-sep wd-hover-1 wd-icon-1\">\n\t\t\t<div class=\"wd-btn-arrow wd-prev wd-disabled\">\n\t\t\t\t<div class=\"wd-arrow-inner\"><\/div>\n\t\t\t<\/div>\n\t\t\t<div class=\"wd-btn-arrow wd-next\">\n\t\t\t\t<div class=\"wd-arrow-inner\"><\/div>\n\t\t\t<\/div>\n\t\t<\/div>\n\t\t\t\t\t\t\n\t\t\t\t<\/div>\n\n\t\t\t\t\t\t\t\t\t\t\t\t\t<\/div>\n\t\t<\/div><\/div><\/div><\/div><div class=\"vc_row-full-width vc_clearfix\"><\/div><div class=\"vc_row wpb_row vc_row-fluid vc_custom_1772681309351 vc_row-o-equal-height vc_row-flex wd-rs-69a8f83062e30\"><div class=\"wpb_column vc_column_container vc_col-sm-12 vc_col-lg-6 vc_col-md-6 vc_col-has-fill\"><div class=\"vc_column-inner vc_custom_1496932335926\"><div class=\"wpb_wrapper\">\n\t\t<div id=\"wd-69df658a27f67\" class=\"title-wrapper wd-wpb wd-set-mb reset-last-child  wd-title-color-default wd-title-style-bordered text-left vc_custom_1484242758590 wd-underline-colored\">\n\t\t\t\n\t\t\t<div class=\"liner-continer\">\n\t\t\t\t<h4 class=\"woodmart-title-container title  wd-font-weight- wd-fontsize-l\" >SEND US AN EMAIL<\/h4>\n\t\t\t\t\t\t\t<\/div>\n\t\t\t\n\t\t\t\n\t\t\t\n\t\t<\/div>\n\t\t\n\t\t\n<div class=\"wpcf7 no-js\" id=\"wpcf7-f1938-o1\" lang=\"en-US\" dir=\"ltr\" data-wpcf7-id=\"1938\">\n<div class=\"screen-reader-response\"><p role=\"status\" aria-live=\"polite\" aria-atomic=\"true\"><\/p> <ul><\/ul><\/div>\n<form action=\"\/cs\/wp-json\/wp\/v2\/pages\/9843#wpcf7-f1938-o1\" method=\"post\" class=\"wpcf7-form init\" aria-label=\"Contact form\" novalidate=\"novalidate\" data-status=\"init\" data-trp-original-action=\"\/cs\/wp-json\/wp\/v2\/pages\/9843#wpcf7-f1938-o1\">\n<fieldset class=\"hidden-fields-container\"><input type=\"hidden\" name=\"_wpcf7\" value=\"1938\" \/><input type=\"hidden\" name=\"_wpcf7_version\" value=\"6.1.5\" \/><input type=\"hidden\" name=\"_wpcf7_locale\" value=\"en_US\" \/><input type=\"hidden\" name=\"_wpcf7_unit_tag\" value=\"wpcf7-f1938-o1\" \/><input type=\"hidden\" name=\"_wpcf7_container_post\" value=\"0\" \/><input type=\"hidden\" name=\"_wpcf7_posted_data_hash\" value=\"\" \/>\n<\/fieldset>\n<div class=\"wd-grid-f-stretch\">\n\t<div class=\"wd-col\">\n\t\t<p><label>Va\u0161e jm\u00e9no<\/label><span class=\"wpcf7-form-control-wrap\" data-name=\"your-name\"><input size=\"40\" maxlength=\"400\" class=\"wpcf7-form-control wpcf7-text wpcf7-validates-as-required\" aria-required=\"true\" aria-invalid=\"false\" value=\"\" type=\"text\" name=\"your-name\" \/><\/span>\n\t\t<\/p>\n\t<\/div>\n\t<div class=\"wd-col\">\n\t\t<p><label>V\u00e1\u0161 e-mail<\/label><span class=\"wpcf7-form-control-wrap\" data-name=\"your-email\"><input size=\"40\" maxlength=\"400\" class=\"wpcf7-form-control wpcf7-email wpcf7-validates-as-required wpcf7-text wpcf7-validates-as-email\" aria-required=\"true\" aria-invalid=\"false\" value=\"\" type=\"email\" name=\"your-email\" \/><\/span>\n\t\t<\/p>\n\t<\/div>\n<\/div>\n<div class=\"wd-grid-f-stretch\">\n\t<div class=\"wd-col\">\n\t\t<p><label>Telefonn\u00ed \u010d\u00edslo<\/label><span class=\"wpcf7-form-control-wrap\" data-name=\"tel-767\"><input size=\"40\" maxlength=\"400\" class=\"wpcf7-form-control wpcf7-tel wpcf7-text wpcf7-validates-as-tel\" aria-invalid=\"false\" value=\"\" type=\"tel\" name=\"tel-767\" \/><\/span>\n\t\t<\/p>\n\t<\/div>\n\t<div class=\"wd-col\">\n\t\t<p><label>Spole\u010dnost<\/label><span class=\"wpcf7-form-control-wrap\" data-name=\"text-1\"><input size=\"40\" maxlength=\"400\" class=\"wpcf7-form-control wpcf7-text\" aria-invalid=\"false\" value=\"\" type=\"text\" name=\"text-1\" \/><\/span>\n\t\t<\/p>\n\t<\/div>\n<\/div>\n<div>\n\t<p><label>Va\u0161e zpr\u00e1va<\/label><span class=\"wpcf7-form-control-wrap\" data-name=\"your-message\"><textarea cols=\"40\" rows=\"10\" maxlength=\"2000\" class=\"wpcf7-form-control wpcf7-textarea\" aria-invalid=\"false\" name=\"your-message\"><\/textarea><\/span>\n\t<\/p>\n<\/div>\n<div>\n\t<p><input class=\"wpcf7-form-control wpcf7-submit has-spinner btn-color-black\" type=\"submit\" value=\"Odeslat\" \/>\n\t<\/p>\n<\/div>\n<div>\n\t<p><span class=\"wpcf7-form-control-wrap kc_captcha cf7ic-toggle\" data-name=\"kc_captcha\"><span class=\"wpcf7-form-control wpcf7-radio\"><span class=\"captcha-image\" style=\"display: none;\"><span class=\"cf7ic_instructions\">Please prove you are human by selecting the<span> cup<\/span>.<\/span><label><input aria-label=\"1\" type=\"radio\" name=\"kc_captcha\" value=\"bot\" \/><svg aria-hidden=\"true\" role=\"img\" xmlns=\"http:\/\/www.w3.org\/2000\/svg\" viewbox=\"0 0 576 512\"><path fill=\"currentColor\" d=\"M259 18l-65 132-146 22c-26 3-37 36-18 54l106 103-25 146c-5 26 23 46 46 33l131-68 131 68c23 13 51-7 46-33l-25-146 106-103c19-18 8-51-18-54l-146-22-65-132a32 32 0 00-58 0z\"\/><\/svg><\/label><label><input aria-label=\"2\" type=\"radio\" name=\"kc_captcha\" value=\"kc_human\" \/><svg aria-hidden=\"true\" role=\"img\" xmlns=\"http:\/\/www.w3.org\/2000\/svg\" viewbox=\"0 0 640 512\"><path fill=\"currentColor\" d=\"M192 384h192c53 0 96-43 96-96h32a128 128 0 000-256H120c-13 0-24 11-24 24v232c0 53 43 96 96 96zM512 96a64 64 0 010 128h-32V96h32zm48 384H48c-47 0-61-64-36-64h584c25 0 11 64-36 64z\"\/><\/svg><\/label><label><input aria-label=\"3\" type=\"radio\" name=\"kc_captcha\" value=\"bot\" \/><svg aria-hidden=\"true\" role=\"img\" xmlns=\"http:\/\/www.w3.org\/2000\/svg\" viewbox=\"0 0 640 512\"><path fill=\"currentColor\" d=\"M624 352h-16V244c0-13-5-25-14-34L494 110c-9-9-21-14-34-14h-44V48c0-26-21-48-48-48H48C22 0 0 22 0 48v320c0 27 22 48 48 48h16a96 96 0 00192 0h128a96 96 0 00192 0h48c9 0 16-7 16-16v-32c0-9-7-16-16-16zM160 464a48 48 0 110-96 48 48 0 010 96zm320 0a48 48 0 110-96 48 48 0 010 96zm80-208H416V144h44l100 100v12z\"\/><\/svg><\/label>\r\n    <\/span>\r\n    <span style=\"display:none\">\r\n        <input type=\"text\" name=\"kc_honeypot\">\r\n    <\/span><\/span><\/span>\n\t<\/p>\n<\/div>\n<div class=\"wpcf7-response-output\" aria-hidden=\"true\"><\/div>\n<input type=\"hidden\" name=\"trp-form-language\" value=\"cs\"\/><\/form>\n<\/div>\n<\/div><\/div><\/div><div class=\"wpb_column vc_column_container vc_col-sm-12 vc_col-lg-6 vc_col-md-6\"><div class=\"vc_column-inner vc_custom_1496932331302\"><div class=\"wpb_wrapper\">\n\t\t<div id=\"wd-69a650c8667c3\" class=\"title-wrapper wd-wpb wd-set-mb reset-last-child  wd-rs-69a650c8667c3 wd-title-color-default wd-title-style-bordered text-left vc_custom_1772507357909 wd-underline-colored\">\n\t\t\t\n\t\t\t<div class=\"liner-continer\">\n\t\t\t\t<h4 class=\"woodmart-title-container title  wd-font-weight- wd-fontsize-l\" >Welcome to our Dealer Program<\/h4>\n\t\t\t\t\t\t\t<\/div>\n\t\t\t\n\t\t\t\n\t\t\t\n\t\t<\/div>\n\t\t\n\t\t\t\t<div id=\"wd-69a6508ba75d9\" class=\"wd-text-block wd-wpb reset-last-child wd-rs-69a6508ba75d9 text-left\">\n\t\t\t<p>We\u2019re always excited to grow with reliable partners who share our commitment to quality and service.<br \/>\nAs a dealer with GMCell Power, you\u2019ll get access to competitive pricing, dedicated support, and priority on new products and inventory. We value honest communication and long-term collaboration \u2014 this isn\u2019t just a business relationship, it\u2019s a partnership.<\/p>\n\t\t<\/div>\n\t\t\n\t\t<div id=\"wd-69df658a2adaf\" class=\"title-wrapper wd-wpb wd-set-mb reset-last-child  wd-title-color-default wd-title-style-bordered text-left vc_custom_1484253141262 wd-underline-colored\">\n\t\t\t\n\t\t\t<div class=\"liner-continer\">\n\t\t\t\t<h4 class=\"woodmart-title-container title  wd-font-weight- wd-fontsize-l\" >CONTACT US<\/h4>\n\t\t\t\t\t\t\t<\/div>\n\t\t\t\n\t\t\t\n\t\t\t\n\t\t<\/div>\n\t\t\n\t\t<div class=\"vc_row wpb_row vc_inner vc_row-fluid vc_custom_1484253288811\"><div class=\"wpb_column vc_column_container vc_col-sm-6\"><div class=\"vc_column-inner\"><div class=\"wpb_wrapper\">\t\t\t<div class=\"info-box-wrapper\">\n\t\t\t\t<div id=\"wd-69a650e47d074\" class=\"wd-rs-69a650e47d074 wd-info-box wd-wpb text-left box-icon-align-left box-style- color-scheme- wd-bg-none wd-items-top vc_custom_1772507413642\">\n\t\t\t\t\t\t\t\t\t\t\t<div class=\"box-icon-wrapper  box-with-icon box-icon-simple\">\n\t\t\t\t\t\t\t<div class=\"info-box-icon\">\n\n\t\t\t\t\t\t\t\n\t\t\t\t\t\t\t\t\t\t\t\t\t\t\t\t\t<div class=\"info-svg-wrapper\" style=\"width: 40px;height: 40px;\"><img decoding=\"async\"  src=\"https:\/\/www.gmcellpower.com\/wp-content\/themes\/woodmart\/images\/lazy.svg\" data-src=\"https:\/\/www.gmcellpower.com\/wp-content\/uploads\/2026\/01\/w-cellphone.svg\" loading=\"lazy\" width=\"40\" height=\"40\"><\/div>\t\t\t\t\t\t\t\t\t\t\t\t\t\t\t\n\t\t\t\t\t\t\t<\/div>\n\t\t\t\t\t\t<\/div>\n\t\t\t\t\t\t\t\t\t\t<div class=\"info-box-content\">\n\t\t\t\t\t\t\t\t\t\t\t\t<div class=\"info-box-inner reset-last-child\"><p><span style=\"color: #333333;\"><strong>Phone:<\/strong><\/span> +86 185 6568 5940<br \/>\n<span style=\"color: #333333;\"><strong>Email:<\/strong><\/span><strong><span style=\"color: #ff0000;\"><a style=\"color: #ff0000;\" href=\"mailto:vivian@gmcellpower.com\"> vivian@gmcellpower.com<\/a><\/span><\/strong><\/p>\n<\/div>\n\n\t\t\t\t\t\t\t\t\t\t\t<\/div>\n\n\t\t\t\t\t\n\t\t\t\t\t\t\t\t\t<\/div>\n\t\t\t<\/div>\n\t\t\t\t\t<div class=\"info-box-wrapper\">\n\t\t\t\t<div id=\"wd-69a65122ef40f\" class=\"wd-rs-69a65122ef40f wd-info-box wd-wpb text-left box-icon-align-left box-style- color-scheme- wd-bg-none wd-items-top vc_custom_1772507476731\">\n\t\t\t\t\t\t\t\t\t\t\t<div class=\"box-icon-wrapper  box-with-icon box-icon-simple\">\n\t\t\t\t\t\t\t<div class=\"info-box-icon\">\n\n\t\t\t\t\t\t\t\n\t\t\t\t\t\t\t\t\t\t\t\t\t\t\t\t\t<div class=\"info-svg-wrapper\" style=\"width: 40px;height: 40px;\"><img decoding=\"async\"  src=\"https:\/\/www.gmcellpower.com\/wp-content\/themes\/woodmart\/images\/lazy.svg\" data-src=\"https:\/\/www.gmcellpower.com\/wp-content\/uploads\/2026\/01\/w-chat.svg\" loading=\"lazy\" width=\"40\" height=\"40\"><\/div>\t\t\t\t\t\t\t\t\t\t\t\t\t\t\t\n\t\t\t\t\t\t\t<\/div>\n\t\t\t\t\t\t<\/div>\n\t\t\t\t\t\t\t\t\t\t<div class=\"info-box-content\">\n\t\t\t\t\t\t\t\t\t\t\t\t<div class=\"info-box-inner reset-last-child\"><p><strong>24-month free repair service<\/strong><\/p>\n<\/div>\n\n\t\t\t\t\t\t\t\t\t\t\t<\/div>\n\n\t\t\t\t\t\n\t\t\t\t\t\t\t\t\t<\/div>\n\t\t\t<\/div>\n\t\t<\/div><\/div><\/div><div class=\"wpb_column vc_column_container vc_col-sm-6\"><div class=\"vc_column-inner\"><div class=\"wpb_wrapper\">\t\t\t<div class=\"info-box-wrapper\">\n\t\t\t\t<div id=\"wd-61260fc4ec6cd\" class=\"wd-rs-61260fc4ec6cd wd-info-box wd-wpb text-left box-icon-align-left box-style- color-scheme- wd-bg-none wd-items-top vc_custom_1629884363638\">\n\t\t\t\t\t\t\t\t\t\t\t<div class=\"box-icon-wrapper  box-with-icon box-icon-simple\">\n\t\t\t\t\t\t\t<div class=\"info-box-icon\">\n\n\t\t\t\t\t\t\t\n\t\t\t\t\t\t\t\t\t\t\t\t\t\t\t\t\t<div class=\"info-svg-wrapper\" style=\"width: 45px;height: 45px;\"><img decoding=\"async\"  src=\"https:\/\/www.gmcellpower.com\/wp-content\/themes\/woodmart\/images\/lazy.svg\" data-src=\"https:\/\/www.gmcellpower.com\/wp-content\/uploads\/2026\/01\/w-airplane.svg\" loading=\"lazy\" width=\"45\" height=\"45\"><\/div>\t\t\t\t\t\t\t\t\t\t\t\t\t\t\t\n\t\t\t\t\t\t\t<\/div>\n\t\t\t\t\t\t<\/div>\n\t\t\t\t\t\t\t\t\t\t<div class=\"info-box-content\">\n\t\t\t\t\t\t\t\t\t\t\t\t<div class=\"info-box-inner reset-last-child\"><p><span style=\"color: #333333;\"><strong>Support forum<\/strong><\/span><br \/>\n<span style=\"color: #333333;\"><strong>for over 24h<\/strong><\/span><\/p>\n<\/div>\n\n\t\t\t\t\t\t\t\t\t\t\t<\/div>\n\n\t\t\t\t\t\n\t\t\t\t\t\t\t\t\t<\/div>\n\t\t\t<\/div>\n\t\t\t\t\t<div class=\"info-box-wrapper\">\n\t\t\t\t<div id=\"wd-69a6515e27f1b\" class=\"wd-rs-69a6515e27f1b wd-info-box wd-wpb text-left box-icon-align-left box-style- color-scheme- wd-bg-none wd-items-top vc_custom_1772507516949\">\n\t\t\t\t\t\t\t\t\t\t\t<div class=\"box-icon-wrapper  box-with-icon box-icon-simple\">\n\t\t\t\t\t\t\t<div class=\"info-box-icon\">\n\n\t\t\t\t\t\t\t\n\t\t\t\t\t\t\t\t\t\t\t\t\t\t\t\t\t<div class=\"info-svg-wrapper\" style=\"width: 40px;height: 40px;\"><img decoding=\"async\"  src=\"https:\/\/www.gmcellpower.com\/wp-content\/themes\/woodmart\/images\/lazy.svg\" data-src=\"https:\/\/www.gmcellpower.com\/wp-content\/uploads\/2026\/01\/w-map-placeholder.svg\" loading=\"lazy\" width=\"40\" height=\"40\"><\/div>\t\t\t\t\t\t\t\t\t\t\t\t\t\t\t\n\t\t\t\t\t\t\t<\/div>\n\t\t\t\t\t\t<\/div>\n\t\t\t\t\t\t\t\t\t\t<div class=\"info-box-content\">\n\t\t\t\t\t\t\t\t\t\t\t\t<div class=\"info-box-inner reset-last-child\"><p><strong>Every production step is inspected by the quality control<\/strong><\/p>\n<\/div>\n\n\t\t\t\t\t\t\t\t\t\t\t<\/div>\n\n\t\t\t\t\t\n\t\t\t\t\t\t\t\t\t<\/div>\n\t\t\t<\/div>\n\t\t<\/div><\/div><\/div><\/div><div class=\"vc_separator wpb_content_element vc_separator_align_center vc_sep_width_100 vc_sep_pos_align_center vc_separator_no_text vc_sep_color_grey vc_custom_1484254145420\" ><span class=\"vc_sep_holder vc_sep_holder_l\"><span class=\"vc_sep_line\"><\/span><\/span><span class=\"vc_sep_holder vc_sep_holder_r\"><span class=\"vc_sep_line\"><\/span><\/span>\n<\/div>\t\t<div id=\"wd-61260e3e08751\" class=\"wd-text-block wd-wpb reset-last-child wd-rs-61260e3e08751 text-left wd-font-weight-600 color-title\">\n\t\t\t<p>M\u00e1te dotazy ohledn\u011b toho, jak m\u016f\u017eeme pomoci va\u0161\u00ed spole\u010dnosti?<br \/>\n<span style=\"color: #83b735;\"><a style=\"color: #83b735;\" href=\"#\">Send us an email and we\u2019ll get in touch shortly.<\/a><\/span><\/p>\n\t\t<\/div>\n\t\t<\/div><\/div><\/div><\/div>\n<\/div>","protected":false},"excerpt":{"rendered":"Strong Manufacturing Capability With 25 years of industry experience, we combine solid R&amp;D strength with strict quality control at every","protected":false},"author":1,"featured_media":0,"parent":0,"menu_order":0,"comment_status":"closed","ping_status":"closed","template":"","meta":{"_acf_changed":false,"footnotes":""},"class_list":["post-9843","page","type-page","status-publish","hentry"],"acf":[],"aioseo_notices":[],"_links":{"self":[{"href":"https:\/\/www.gmcellpower.com\/cs\/wp-json\/wp\/v2\/pages\/9843","targetHints":{"allow":["GET"]}}],"collection":[{"href":"https:\/\/www.gmcellpower.com\/cs\/wp-json\/wp\/v2\/pages"}],"about":[{"href":"https:\/\/www.gmcellpower.com\/cs\/wp-json\/wp\/v2\/types\/page"}],"author":[{"embeddable":true,"href":"https:\/\/www.gmcellpower.com\/cs\/wp-json\/wp\/v2\/users\/1"}],"replies":[{"embeddable":true,"href":"https:\/\/www.gmcellpower.com\/cs\/wp-json\/wp\/v2\/comments?post=9843"}],"version-history":[{"count":29,"href":"https:\/\/www.gmcellpower.com\/cs\/wp-json\/wp\/v2\/pages\/9843\/revisions"}],"predecessor-version":[{"id":11070,"href":"https:\/\/www.gmcellpower.com\/cs\/wp-json\/wp\/v2\/pages\/9843\/revisions\/11070"}],"wp:attachment":[{"href":"https:\/\/www.gmcellpower.com\/cs\/wp-json\/wp\/v2\/media?parent=9843"}],"curies":[{"name":"wp","href":"https:\/\/api.w.org\/{rel}","templated":true}]}}