{"id":10539,"date":"2026-01-31T05:25:58","date_gmt":"2026-01-30T21:25:58","guid":{"rendered":"https:\/\/www.gmcellpower.com\/?post_type=product&#038;p=10539"},"modified":"2026-01-31T05:35:41","modified_gmt":"2026-01-30T21:35:41","slug":"gmcell-10400-1-5v-1300mwh-rechargeable-aaa-lithium-battery","status":"publish","type":"product","link":"https:\/\/www.gmcellpower.com\/cs\/batteries\/gmcell-10400-1-5v-1300mwh-rechargeable-aaa-lithium-battery\/","title":{"rendered":"GMCELL 10400 1,5V 1300mWh dob\u00edjec\u00ed lithiov\u00e1 baterie AAA"},"content":{"rendered":"<div class=\"fl-row fl-row-full-width fl-row-bg-none fl-node-68241248cda7c\" data-node=\"68241248cda7c\">\n<div class=\"fl-row-content-wrap\">\n<div class=\"fl-row-content fl-row-full-width fl-node-content\">\n<div class=\"fl-col-group fl-node-68241248cef28\" data-node=\"68241248cef28\">\n<div class=\"fl-col fl-node-68241248cf082\" data-node=\"68241248cf082\">\n<div class=\"fl-col-content fl-node-content\">\n<div class=\"fl-module fl-module-rich-text fl-node-6824139211e03\" data-node=\"6824139211e03\" data-animation-delay=\"0.0\">\n<div class=\"fl-module-content fl-node-content\">\n<div class=\"fl-rich-text\">\n<div class=\"table_wrap\">\n<table border=\"0\" cellspacing=\"0\" cellpadding=\"0\">\n<colgroup>\n<col width=\"757\" \/>\n<col width=\"931\" \/><\/colgroup>\n<tbody>\n<tr>\n<td>Specification Items<\/td>\n<td>1300mWh<\/td>\n<\/tr>\n<tr>\n<td><strong>Battery Model<\/strong><\/td>\n<td><strong>GMCELL-14500AAA<\/strong><\/td>\n<\/tr>\n<tr>\n<td>Nominal Voltage (V)<\/td>\n<td>1.5V<\/td>\n<\/tr>\n<tr>\n<td>Capacity (mWh)<\/td>\n<td>1300mWh<\/td>\n<\/tr>\n<tr>\n<td>Dimensions (mm)<\/td>\n<td>Diameter 10mm<br \/>\nLength 40mm<\/td>\n<\/tr>\n<tr>\n<td>Weight (g)<\/td>\n<td>Approx. 15 &#8211; 20<\/td>\n<\/tr>\n<tr>\n<td>Charge Cut-off Voltage (V)<\/td>\n<td>1.6<\/td>\n<\/tr>\n<tr>\n<td>Discharge Cut-off Voltage (V)<\/td>\n<td>1.0V<\/td>\n<\/tr>\n<tr>\n<td>Standard Charging Current (mA)<\/td>\n<td>500<\/td>\n<\/tr>\n<tr>\n<td>Maximum Continuous Discharge Current (mA)<\/td>\n<td>350mA<\/td>\n<\/tr>\n<tr>\n<td>Cycle Life (times, 80% capacity retention rate)<\/td>\n<td>350mA<\/td>\n<\/tr>\n<tr>\n<td>Operating Temperature Range (\u2103)<\/td>\n<td>-20 to 60<\/td>\n<\/tr>\n<\/tbody>\n<\/table>\n<\/div>\n<\/div>\n<\/div>\n<\/div>\n<\/div>\n<\/div>\n<\/div>\n<\/div>\n<\/div>\n<\/div>\n<div class=\"fl-row fl-row-full-width fl-row-bg-none fl-node-68241478568ab\" data-node=\"68241478568ab\">\n<div class=\"fl-row-content-wrap\">\n<div class=\"fl-row-content fl-row-full-width fl-node-content\">\n<div class=\"fl-col-group fl-node-6824147856ccd\" data-node=\"6824147856ccd\">\n<div class=\"fl-col fl-node-6824147856e42\" data-node=\"6824147856e42\">\n<div class=\"fl-col-content fl-node-content\">\n<div class=\"fl-module fl-module-content-slider fl-node-6824147856eff\" data-node=\"6824147856eff\" data-animation-delay=\"0.0\">\n<div class=\"fl-module-content fl-node-content\">\n<div class=\"fl-content-slider\">\n<div class=\"bx-wrapper\">\n<div class=\"bx-viewport\" aria-live=\"polite\">\n<div class=\"fl-content-slider-wrapper fl-content-slider-loaded\">\n<div class=\"fl-slide fl-slide-0 fl-slide-text-left\" aria-hidden=\"false\">\n<div class=\"fl-slide-bg-photo\"><\/div>\n<div class=\"fl-slide-foreground clearfix\">\n<div class=\"fl-slide-content-wrap\">\n<div class=\"fl-slide-content\"><\/div>\n<\/div>\n<\/div>\n<\/div>\n<\/div>\n<\/div>\n<\/div>\n<\/div>\n<\/div>\n<\/div>\n<\/div>\n<\/div>\n<\/div>\n<\/div>\n<\/div>\n<\/div>\n<div class=\"fl-row fl-row-full-width fl-row-bg-none fl-node-68241478567f0\" data-node=\"68241478567f0\">\n<div class=\"fl-row-content-wrap\">\n<div class=\"fl-row-content fl-row-fixed-width fl-node-content\">\n<div class=\"fl-col-group fl-node-6824147856c90\" data-node=\"6824147856c90\">\n<div class=\"fl-col fl-node-6824147856d88 fl-col-small\" data-node=\"6824147856d88\">\n<div class=\"fl-col-content fl-node-content\">\n<div class=\"fl-module fl-module-callout fl-node-6824147856ada\" data-node=\"6824147856ada\" data-animation-delay=\"0.0\">\n<div class=\"fl-module-content fl-node-content\">\n<div class=\"fl-callout fl-callout-left fl-callout-has-icon fl-callout-icon-left-title\">\n<div class=\"fl-callout-content\">\n<div class=\"fl-callout-text-wrap\">\n<div class=\"fl-callout-text\">\n<p>&nbsp;<\/p>\n<\/div>\n<\/div>\n<\/div>\n<\/div>\n<\/div>\n<\/div>\n<\/div>\n<\/div>\n<\/div>\n<\/div>\n<\/div>\n<\/div>","protected":false},"excerpt":{"rendered":"<h3>10400 Lithium Ion Rechargeable AAA Battery with PCB<\/h3>\n<p><strong>Nominal Voltage:1.5V\u00a0<\/strong>|\u00a0<strong>Nominal Cpacity:1300mWh<\/strong>\u00a0|\u00a0<strong>Battery Size\uff1a10.5mm*40.2mm<\/strong><\/p>\n<p><strong>Long-Lasting<\/strong>: GMCELL AAA lithium batteries can be recharged 1000 times, equivalent to 1000 disposable batteries<\/p>\n<p><strong>Multi-protection:<\/strong>\u00a0Built-in PCB, over-current protection, over-charging protection, over-discharging protection<\/p>\n<div dir=\"auto\" data-node=\"true\">\n<p><strong>1.5V constant voltage output<\/strong>: compatible with a variety of electronic products, suitable for: toys, clocks, remote controls, mice, keyboards, gamepads<\/p>\n<\/div>\n<div dir=\"auto\" data-node=\"true\"><strong>Lightweight &amp; Compact:<\/strong>\u00a0Despite their high energy density, these batteries maintain the standard AAA size, making them easy to carry and install, perfect for on-the-go use.<\/div>","protected":false},"featured_media":10545,"template":"","meta":{"_acf_changed":false},"product_brand":[],"product_cat":[74],"product_tag":[],"class_list":{"0":"post-10539","1":"product","2":"type-product","3":"status-publish","4":"has-post-thumbnail","6":"product_cat-lithium-batteries","8":"first","9":"instock","10":"shipping-taxable","11":"product-type-simple"},"acf":[],"aioseo_notices":[],"_links":{"self":[{"href":"https:\/\/www.gmcellpower.com\/cs\/wp-json\/wp\/v2\/product\/10539","targetHints":{"allow":["GET"]}}],"collection":[{"href":"https:\/\/www.gmcellpower.com\/cs\/wp-json\/wp\/v2\/product"}],"about":[{"href":"https:\/\/www.gmcellpower.com\/cs\/wp-json\/wp\/v2\/types\/product"}],"wp:featuredmedia":[{"embeddable":true,"href":"https:\/\/www.gmcellpower.com\/cs\/wp-json\/wp\/v2\/media\/10545"}],"wp:attachment":[{"href":"https:\/\/www.gmcellpower.com\/cs\/wp-json\/wp\/v2\/media?parent=10539"}],"wp:term":[{"taxonomy":"product_brand","embeddable":true,"href":"https:\/\/www.gmcellpower.com\/cs\/wp-json\/wp\/v2\/product_brand?post=10539"},{"taxonomy":"product_cat","embeddable":true,"href":"https:\/\/www.gmcellpower.com\/cs\/wp-json\/wp\/v2\/product_cat?post=10539"},{"taxonomy":"product_tag","embeddable":true,"href":"https:\/\/www.gmcellpower.com\/cs\/wp-json\/wp\/v2\/product_tag?post=10539"}],"curies":[{"name":"wp","href":"https:\/\/api.w.org\/{rel}","templated":true}]}}