{"id":10645,"date":"2026-01-31T16:34:05","date_gmt":"2026-01-31T08:34:05","guid":{"rendered":"https:\/\/www.gmcellpower.com\/?post_type=product&#038;p=10645"},"modified":"2026-03-05T02:42:07","modified_gmt":"2026-03-04T18:42:07","slug":"gmcell-wholesale-d-size-carbon-zinc-battery","status":"publish","type":"product","link":"https:\/\/www.gmcellpower.com\/cs\/batteries\/gmcell-wholesale-d-size-carbon-zinc-battery\/","title":{"rendered":"GMCELL Velkoobchod D Velikost uhl\u00edkov\u00e9 zinkov\u00e9 baterie"},"content":{"rendered":"","protected":false},"excerpt":{"rendered":"<h3>GMCELL Super D Size Carbon Zinc Batteries<\/h3>\n<ul>\n<li>are ideal for most general battery operated devices, which are flashlights, radio receivers, and transmitters, and more.<\/li>\n<li>Stable quality and 3 years warranty for saving your business money.<\/li>\n<\/ul>","protected":false},"featured_media":10649,"template":"","meta":{"_acf_changed":false},"product_brand":[],"product_cat":[71],"product_tag":[],"class_list":{"0":"post-10645","1":"product","2":"type-product","3":"status-publish","4":"has-post-thumbnail","6":"product_cat-carbon-zin-batteries","8":"first","9":"instock","10":"shipping-taxable","11":"product-type-simple"},"acf":[],"aioseo_notices":[],"_links":{"self":[{"href":"https:\/\/www.gmcellpower.com\/cs\/wp-json\/wp\/v2\/product\/10645","targetHints":{"allow":["GET"]}}],"collection":[{"href":"https:\/\/www.gmcellpower.com\/cs\/wp-json\/wp\/v2\/product"}],"about":[{"href":"https:\/\/www.gmcellpower.com\/cs\/wp-json\/wp\/v2\/types\/product"}],"wp:featuredmedia":[{"embeddable":true,"href":"https:\/\/www.gmcellpower.com\/cs\/wp-json\/wp\/v2\/media\/10649"}],"wp:attachment":[{"href":"https:\/\/www.gmcellpower.com\/cs\/wp-json\/wp\/v2\/media?parent=10645"}],"wp:term":[{"taxonomy":"product_brand","embeddable":true,"href":"https:\/\/www.gmcellpower.com\/cs\/wp-json\/wp\/v2\/product_brand?post=10645"},{"taxonomy":"product_cat","embeddable":true,"href":"https:\/\/www.gmcellpower.com\/cs\/wp-json\/wp\/v2\/product_cat?post=10645"},{"taxonomy":"product_tag","embeddable":true,"href":"https:\/\/www.gmcellpower.com\/cs\/wp-json\/wp\/v2\/product_tag?post=10645"}],"curies":[{"name":"wp","href":"https:\/\/api.w.org\/{rel}","templated":true}]}}