{"id":9504,"date":"2025-11-10T02:36:21","date_gmt":"2025-11-09T18:36:21","guid":{"rendered":"https:\/\/www.gmcellpower.com\/?post_type=product&#038;p=9504"},"modified":"2026-03-05T01:45:03","modified_gmt":"2026-03-04T17:45:03","slug":"gmcell-wholesale-1-5v-alkaline-aaa-battery","status":"publish","type":"product","link":"https:\/\/www.gmcellpower.com\/cs\/batteries\/gmcell-wholesale-1-5v-alkaline-aaa-battery\/","title":{"rendered":"GMCELL Velkoobchod 1,5V alkalick\u00e9 baterie AAA"},"content":{"rendered":"<p><img loading=\"lazy\" decoding=\"async\" class=\"aligncenter wp-image-10420 size-full\" src=\"https:\/\/www.gmcellpower.com\/wp-content\/themes\/woodmart\/images\/lazy.svg\" data-src=\"http:\/\/www.gmcellpower.com\/wp-content\/uploads\/2025\/11\/0101.jpg\" alt=\"\" width=\"750\" height=\"455\" srcset=\"\" data-srcset=\"https:\/\/www.gmcellpower.com\/wp-content\/uploads\/2025\/11\/0101.jpg 750w, https:\/\/www.gmcellpower.com\/wp-content\/uploads\/2025\/11\/0101-400x243.jpg 400w, https:\/\/www.gmcellpower.com\/wp-content\/uploads\/2025\/11\/0101-18x12.jpg 18w, https:\/\/www.gmcellpower.com\/wp-content\/uploads\/2025\/11\/0101-430x261.jpg 430w, https:\/\/www.gmcellpower.com\/wp-content\/uploads\/2025\/11\/0101-700x425.jpg 700w, https:\/\/www.gmcellpower.com\/wp-content\/uploads\/2025\/11\/0101-150x91.jpg 150w\" sizes=\"auto, (max-width: 750px) 100vw, 750px\" \/> <img loading=\"lazy\" decoding=\"async\" class=\"aligncenter wp-image-10421 size-full\" src=\"https:\/\/www.gmcellpower.com\/wp-content\/themes\/woodmart\/images\/lazy.svg\" data-src=\"http:\/\/www.gmcellpower.com\/wp-content\/uploads\/2025\/11\/0102.jpg\" alt=\"\" width=\"750\" height=\"130\" srcset=\"\" data-srcset=\"https:\/\/www.gmcellpower.com\/wp-content\/uploads\/2025\/11\/0102.jpg 750w, https:\/\/www.gmcellpower.com\/wp-content\/uploads\/2025\/11\/0102-400x69.jpg 400w, https:\/\/www.gmcellpower.com\/wp-content\/uploads\/2025\/11\/0102-18x3.jpg 18w, https:\/\/www.gmcellpower.com\/wp-content\/uploads\/2025\/11\/0102-430x75.jpg 430w, https:\/\/www.gmcellpower.com\/wp-content\/uploads\/2025\/11\/0102-700x121.jpg 700w, https:\/\/www.gmcellpower.com\/wp-content\/uploads\/2025\/11\/0102-150x26.jpg 150w\" sizes=\"auto, (max-width: 750px) 100vw, 750px\" \/> <img loading=\"lazy\" decoding=\"async\" class=\"aligncenter wp-image-10422 size-full\" src=\"https:\/\/www.gmcellpower.com\/wp-content\/themes\/woodmart\/images\/lazy.svg\" data-src=\"http:\/\/www.gmcellpower.com\/wp-content\/uploads\/2025\/11\/0103.jpg\" alt=\"\" width=\"750\" height=\"468\" srcset=\"\" data-srcset=\"https:\/\/www.gmcellpower.com\/wp-content\/uploads\/2025\/11\/0103.jpg 750w, https:\/\/www.gmcellpower.com\/wp-content\/uploads\/2025\/11\/0103-400x250.jpg 400w, https:\/\/www.gmcellpower.com\/wp-content\/uploads\/2025\/11\/0103-18x12.jpg 18w, https:\/\/www.gmcellpower.com\/wp-content\/uploads\/2025\/11\/0103-430x268.jpg 430w, https:\/\/www.gmcellpower.com\/wp-content\/uploads\/2025\/11\/0103-700x437.jpg 700w, https:\/\/www.gmcellpower.com\/wp-content\/uploads\/2025\/11\/0103-150x94.jpg 150w\" sizes=\"auto, (max-width: 750px) 100vw, 750px\" \/> <img loading=\"lazy\" decoding=\"async\" class=\"aligncenter wp-image-10423 size-full\" src=\"https:\/\/www.gmcellpower.com\/wp-content\/themes\/woodmart\/images\/lazy.svg\" data-src=\"http:\/\/www.gmcellpower.com\/wp-content\/uploads\/2025\/11\/0104.jpg\" alt=\"\" width=\"750\" height=\"1223\" srcset=\"\" data-srcset=\"https:\/\/www.gmcellpower.com\/wp-content\/uploads\/2025\/11\/0104.jpg 750w, https:\/\/www.gmcellpower.com\/wp-content\/uploads\/2025\/11\/0104-184x300.jpg 184w, https:\/\/www.gmcellpower.com\/wp-content\/uploads\/2025\/11\/0104-491x800.jpg 491w, https:\/\/www.gmcellpower.com\/wp-content\/uploads\/2025\/11\/0104-7x12.jpg 7w, https:\/\/www.gmcellpower.com\/wp-content\/uploads\/2025\/11\/0104-430x701.jpg 430w, https:\/\/www.gmcellpower.com\/wp-content\/uploads\/2025\/11\/0104-700x1141.jpg 700w, https:\/\/www.gmcellpower.com\/wp-content\/uploads\/2025\/11\/0104-150x245.jpg 150w\" sizes=\"auto, (max-width: 750px) 100vw, 750px\" \/> <img loading=\"lazy\" decoding=\"async\" class=\"aligncenter wp-image-10424 size-full\" src=\"https:\/\/www.gmcellpower.com\/wp-content\/themes\/woodmart\/images\/lazy.svg\" data-src=\"http:\/\/www.gmcellpower.com\/wp-content\/uploads\/2025\/11\/0105.jpg\" alt=\"\" width=\"750\" height=\"1187\" srcset=\"\" data-srcset=\"https:\/\/www.gmcellpower.com\/wp-content\/uploads\/2025\/11\/0105.jpg 750w, https:\/\/www.gmcellpower.com\/wp-content\/uploads\/2025\/11\/0105-190x300.jpg 190w, https:\/\/www.gmcellpower.com\/wp-content\/uploads\/2025\/11\/0105-505x800.jpg 505w, https:\/\/www.gmcellpower.com\/wp-content\/uploads\/2025\/11\/0105-8x12.jpg 8w, https:\/\/www.gmcellpower.com\/wp-content\/uploads\/2025\/11\/0105-430x681.jpg 430w, https:\/\/www.gmcellpower.com\/wp-content\/uploads\/2025\/11\/0105-700x1108.jpg 700w, https:\/\/www.gmcellpower.com\/wp-content\/uploads\/2025\/11\/0105-150x237.jpg 150w\" sizes=\"auto, (max-width: 750px) 100vw, 750px\" \/> <img loading=\"lazy\" decoding=\"async\" class=\"aligncenter wp-image-10425 size-full\" src=\"https:\/\/www.gmcellpower.com\/wp-content\/themes\/woodmart\/images\/lazy.svg\" data-src=\"http:\/\/www.gmcellpower.com\/wp-content\/uploads\/2025\/11\/0106.jpg\" alt=\"\" width=\"750\" height=\"1239\" srcset=\"\" data-srcset=\"https:\/\/www.gmcellpower.com\/wp-content\/uploads\/2025\/11\/0106.jpg 750w, https:\/\/www.gmcellpower.com\/wp-content\/uploads\/2025\/11\/0106-182x300.jpg 182w, https:\/\/www.gmcellpower.com\/wp-content\/uploads\/2025\/11\/0106-484x800.jpg 484w, https:\/\/www.gmcellpower.com\/wp-content\/uploads\/2025\/11\/0106-7x12.jpg 7w, https:\/\/www.gmcellpower.com\/wp-content\/uploads\/2025\/11\/0106-430x710.jpg 430w, https:\/\/www.gmcellpower.com\/wp-content\/uploads\/2025\/11\/0106-700x1156.jpg 700w, https:\/\/www.gmcellpower.com\/wp-content\/uploads\/2025\/11\/0106-150x248.jpg 150w\" sizes=\"auto, (max-width: 750px) 100vw, 750px\" \/> <img loading=\"lazy\" decoding=\"async\" class=\"aligncenter wp-image-10426 size-full\" src=\"https:\/\/www.gmcellpower.com\/wp-content\/themes\/woodmart\/images\/lazy.svg\" data-src=\"http:\/\/www.gmcellpower.com\/wp-content\/uploads\/2025\/11\/0107.jpg\" alt=\"\" width=\"750\" height=\"1187\" srcset=\"\" data-srcset=\"https:\/\/www.gmcellpower.com\/wp-content\/uploads\/2025\/11\/0107.jpg 750w, https:\/\/www.gmcellpower.com\/wp-content\/uploads\/2025\/11\/0107-190x300.jpg 190w, https:\/\/www.gmcellpower.com\/wp-content\/uploads\/2025\/11\/0107-505x800.jpg 505w, https:\/\/www.gmcellpower.com\/wp-content\/uploads\/2025\/11\/0107-8x12.jpg 8w, https:\/\/www.gmcellpower.com\/wp-content\/uploads\/2025\/11\/0107-430x681.jpg 430w, https:\/\/www.gmcellpower.com\/wp-content\/uploads\/2025\/11\/0107-700x1108.jpg 700w, https:\/\/www.gmcellpower.com\/wp-content\/uploads\/2025\/11\/0107-150x237.jpg 150w\" sizes=\"auto, (max-width: 750px) 100vw, 750px\" \/> <img loading=\"lazy\" decoding=\"async\" class=\"aligncenter wp-image-10427 size-full\" src=\"https:\/\/www.gmcellpower.com\/wp-content\/themes\/woodmart\/images\/lazy.svg\" data-src=\"http:\/\/www.gmcellpower.com\/wp-content\/uploads\/2025\/11\/0108.jpg\" alt=\"\" width=\"750\" height=\"766\" srcset=\"\" data-srcset=\"https:\/\/www.gmcellpower.com\/wp-content\/uploads\/2025\/11\/0108.jpg 750w, https:\/\/www.gmcellpower.com\/wp-content\/uploads\/2025\/11\/0108-294x300.jpg 294w, https:\/\/www.gmcellpower.com\/wp-content\/uploads\/2025\/11\/0108-12x12.jpg 12w, https:\/\/www.gmcellpower.com\/wp-content\/uploads\/2025\/11\/0108-430x439.jpg 430w, https:\/\/www.gmcellpower.com\/wp-content\/uploads\/2025\/11\/0108-700x715.jpg 700w, https:\/\/www.gmcellpower.com\/wp-content\/uploads\/2025\/11\/0108-150x153.jpg 150w\" sizes=\"auto, (max-width: 750px) 100vw, 750px\" \/><\/p>\n<div class=\"J_module\" style=\"text-align: center;\">\n<div class=\"ife-detail-decorate-table\">\n<table class=\"all magic-20\">\n<tbody>\n<tr>\n<td colspan=\"5\" rowspan=\"1\">\n<div class=\"magic-21\">SPECIFIKACE<\/div>\n<\/td>\n<\/tr>\n<tr>\n<td colspan=\"3\" rowspan=\"1\">\n<div class=\"magic-27\">N\u00e1zev polo\u017eky<\/div>\n<\/td>\n<td colspan=\"2\" rowspan=\"1\">\n<div class=\"magic-28\">Velmi odoln\u00e9 alkalick\u00e9 baterie<\/div>\n<\/td>\n<\/tr>\n<tr>\n<td colspan=\"3\" rowspan=\"1\">\n<div class=\"magic-27\">Bunda<\/div>\n<\/td>\n<td colspan=\"2\" rowspan=\"1\">\n<div class=\"magic-28\">Hlin\u00edkov\u00e1 f\u00f3lie<\/div>\n<\/td>\n<\/tr>\n<tr>\n<td colspan=\"3\" rowspan=\"1\">\n<div class=\"magic-27\">Chemick\u00fd syst\u00e9m<\/div>\n<\/td>\n<td colspan=\"2\" rowspan=\"1\">\n<div class=\"magic-28\">Zn\/MnO2 (NO Hg \/Cd\/Pd)<\/div>\n<\/td>\n<\/tr>\n<tr>\n<td colspan=\"3\" rowspan=\"1\">\n<div class=\"magic-27\">Jmenovit\u00e9 nap\u011bt\u00ed<\/div>\n<\/td>\n<td colspan=\"2\" rowspan=\"1\">\n<div class=\"magic-28\">1.5V<\/div>\n<\/td>\n<\/tr>\n<tr>\n<td colspan=\"3\" rowspan=\"1\">\n<div class=\"magic-27\">Bal\u00ed\u010dek<\/div>\n<\/td>\n<td colspan=\"2\" rowspan=\"1\">\n<div class=\"magic-28\">Blistr nebo smr\u0161\u0165ovac\u00ed karta<\/div>\n<\/td>\n<\/tr>\n<tr>\n<td colspan=\"3\" rowspan=\"1\">\n<div class=\"magic-27\">Rozm\u011bry (pr\u016fm\u011br*v\u00fd\u0161ka*hmotnost)\/mm*g<\/div>\n<\/td>\n<td colspan=\"2\" rowspan=\"1\">\n<div class=\"magic-28\">10\u00b10.5*44\u00b10.5mm*11.1g<\/div>\n<\/td>\n<\/tr>\n<tr>\n<td colspan=\"3\" rowspan=\"1\">\n<div class=\"magic-27\">Doba pou\u017eitelnosti<\/div>\n<\/td>\n<td colspan=\"2\" rowspan=\"1\">\n<div class=\"magic-28\">5 let<\/div>\n<\/td>\n<\/tr>\n<tr>\n<td colspan=\"3\" rowspan=\"1\">\n<div class=\"magic-27\">Doba vyb\u00edjen\u00ed<\/div>\n<\/td>\n<td colspan=\"2\" rowspan=\"1\">\n<div class=\"magic-28\">140 minut<\/div>\n<\/td>\n<\/tr>\n<tr>\n<td colspan=\"5\" rowspan=\"1\">\n<div class=\"magic-21\">CHARAKTERISTIKA<\/div>\n<\/td>\n<\/tr>\n<tr>\n<td colspan=\"3\" rowspan=\"1\">\n<div class=\"magic-27\">Stav p\u0159i propou\u0161t\u011bn\u00ed<\/div>\n<\/td>\n<td colspan=\"2\" rowspan=\"1\">\n<div class=\"magic-28\">Minim\u00e1ln\u00ed pr\u016fm\u011brn\u00e1 doba vyb\u00edjen\u00ed<\/div>\n<\/td>\n<\/tr>\n<tr>\n<td colspan=\"1\" rowspan=\"1\">\n<div class=\"magic-29\">Odolnost p\u0159i zat\u00ed\u017een\u00ed<\/div>\n<\/td>\n<td colspan=\"1\" rowspan=\"1\">\n<div class=\"magic-23\">Doba vyb\u00edjen\u00ed za den<\/div>\n<\/td>\n<td colspan=\"1\" rowspan=\"1\">\n<div class=\"magic-24\">Koncov\u00e9 nap\u011bt\u00ed (V)<\/div>\n<\/td>\n<td colspan=\"1\" rowspan=\"1\">\n<div class=\"magic-25\">\u010cerstv\u00e1 baterie<\/div>\n<\/td>\n<td colspan=\"1\" rowspan=\"1\">\n<div class=\"magic-30\">Skladov\u00e1no po dobu 12 m\u011bs\u00edc\u016f pod<br \/>\nPokojov\u00e1 teplota<\/div>\n<\/td>\n<\/tr>\n<tr>\n<td colspan=\"1\" rowspan=\"1\">\n<div class=\"magic-29\">20\u03a9<\/div>\n<\/td>\n<td colspan=\"1\" rowspan=\"1\">\n<div class=\"magic-23\">24 hodin denn\u011b<\/div>\n<\/td>\n<td colspan=\"1\" rowspan=\"1\">\n<div class=\"magic-24\">0.9<\/div>\n<\/td>\n<td colspan=\"1\" rowspan=\"1\">\n<div class=\"magic-25\">\u226517.5h<\/div>\n<\/td>\n<td colspan=\"1\" rowspan=\"1\">\n<div class=\"magic-30\">\u226516.5h<\/div>\n<\/td>\n<\/tr>\n<tr>\n<td colspan=\"1\" rowspan=\"1\">\n<div class=\"magic-29\">10\u03a9<\/div>\n<\/td>\n<td colspan=\"1\" rowspan=\"1\">\n<div class=\"magic-23\">1h\/d<\/div>\n<\/td>\n<td colspan=\"1\" rowspan=\"1\">\n<div class=\"magic-24\">0.9<\/div>\n<\/td>\n<td colspan=\"1\" rowspan=\"1\">\n<div class=\"magic-25\">\u22657.5h<\/div>\n<\/td>\n<td colspan=\"1\" rowspan=\"1\">\n<div class=\"magic-30\">\u22657.0h<\/div>\n<\/td>\n<\/tr>\n<tr>\n<td colspan=\"1\" rowspan=\"1\">\n<div class=\"magic-29\">3.9\u03a9<\/div>\n<\/td>\n<td colspan=\"1\" rowspan=\"1\">\n<div class=\"magic-23\">1h\/d<\/div>\n<\/td>\n<td colspan=\"1\" rowspan=\"1\">\n<div class=\"magic-24\">0.9<\/div>\n<\/td>\n<td colspan=\"1\" rowspan=\"1\">\n<div class=\"magic-25\">\u2265140min<\/div>\n<\/td>\n<td colspan=\"1\" rowspan=\"1\">\n<div class=\"magic-30\">\u2265120min<\/div>\n<\/td>\n<\/tr>\n<\/tbody>\n<\/table>\n<p><img loading=\"lazy\" decoding=\"async\" class=\"aligncenter wp-image-10428 size-full\" src=\"https:\/\/www.gmcellpower.com\/wp-content\/themes\/woodmart\/images\/lazy.svg\" data-src=\"http:\/\/www.gmcellpower.com\/wp-content\/uploads\/2025\/11\/0109.jpg\" alt=\"\" width=\"1363\" height=\"292\" srcset=\"\" data-srcset=\"https:\/\/www.gmcellpower.com\/wp-content\/uploads\/2025\/11\/0109.jpg 1363w, https:\/\/www.gmcellpower.com\/wp-content\/uploads\/2025\/11\/0109-400x86.jpg 400w, https:\/\/www.gmcellpower.com\/wp-content\/uploads\/2025\/11\/0109-1300x279.jpg 1300w, https:\/\/www.gmcellpower.com\/wp-content\/uploads\/2025\/11\/0109-768x165.jpg 768w, https:\/\/www.gmcellpower.com\/wp-content\/uploads\/2025\/11\/0109-18x4.jpg 18w, https:\/\/www.gmcellpower.com\/wp-content\/uploads\/2025\/11\/0109-430x92.jpg 430w, https:\/\/www.gmcellpower.com\/wp-content\/uploads\/2025\/11\/0109-700x150.jpg 700w, https:\/\/www.gmcellpower.com\/wp-content\/uploads\/2025\/11\/0109-150x32.jpg 150w\" sizes=\"auto, (max-width: 1363px) 100vw, 1363px\" \/> <img loading=\"lazy\" decoding=\"async\" class=\"aligncenter wp-image-10429 size-full\" src=\"https:\/\/www.gmcellpower.com\/wp-content\/themes\/woodmart\/images\/lazy.svg\" data-src=\"http:\/\/www.gmcellpower.com\/wp-content\/uploads\/2025\/11\/0110.jpg\" alt=\"\" width=\"750\" height=\"879\" srcset=\"\" data-srcset=\"https:\/\/www.gmcellpower.com\/wp-content\/uploads\/2025\/11\/0110.jpg 750w, https:\/\/www.gmcellpower.com\/wp-content\/uploads\/2025\/11\/0110-256x300.jpg 256w, https:\/\/www.gmcellpower.com\/wp-content\/uploads\/2025\/11\/0110-683x800.jpg 683w, https:\/\/www.gmcellpower.com\/wp-content\/uploads\/2025\/11\/0110-10x12.jpg 10w, https:\/\/www.gmcellpower.com\/wp-content\/uploads\/2025\/11\/0110-430x504.jpg 430w, https:\/\/www.gmcellpower.com\/wp-content\/uploads\/2025\/11\/0110-700x820.jpg 700w, https:\/\/www.gmcellpower.com\/wp-content\/uploads\/2025\/11\/0110-150x176.jpg 150w\" sizes=\"auto, (max-width: 750px) 100vw, 750px\" \/><\/p>\n<div class=\"J_module\" style=\"text-align: center;\">\n<div class=\"detail-decorate-json-renderer-container\">\n<div class=\"magic-0\">\n<div class=\"magic-1\">\n<div class=\"magic-2\">\n<div class=\"magic-3\">\n<p class=\"magic-35\" style=\"text-align: left;\"><span class=\"magic-36\"><span class=\"magic-37\"><b class=\"magic-6\">NA\u0160E SLU\u017dBY:<\/b><\/span><\/span><\/p>\n<p class=\"magic-38\" style=\"text-align: left;\"><span class=\"magic-39\">1. 24hodinov\u00fd z\u00e1kaznick\u00fd servis<\/span><br \/>\n<span class=\"magic-39\">2. Nejprve v\u00e1m m\u016f\u017eeme poskytnout bezplatn\u00e9 vzorky k vyzkou\u0161en\u00ed.<\/span><br \/>\n<span class=\"magic-39\">3. Mal\u00e1 objedn\u00e1vka v\u00edt\u00e1na<\/span><br \/>\n<span class=\"magic-39\">4. Rychl\u00e1 dodac\u00ed lh\u016fta (vzorky do 1-2 pracovn\u00edch dn\u016f), slu\u0161n\u00e1 objedn\u00e1vka do 10-15 pracovn\u00edch dn\u016f po slo\u017een\u00ed z\u00e1lohy.<\/span><br \/>\n<span class=\"magic-39\">5. Na\u0161e odd\u011blen\u00ed kontroly kvality zkontroluje ka\u017edou baterii p\u0159ed odesl\u00e1n\u00edm, 100% zaru\u010duje vysokou kvalitu.<\/span><\/p>\n<p class=\"magic-38\" style=\"text-align: left;\"><span class=\"magic-39\">6. V p\u0159\u00edpad\u011b jak\u00e9hokoli probl\u00e9mu s kvalitou n\u00e1s pros\u00edm kontaktujte, za ka\u017edou vadnou baterii v\u00e1m bude nab\u00eddnuta bezplatn\u00e1 baterie.<\/span><br \/>\n<span class=\"magic-39\">7. Va\u0161e vlastn\u00ed zna\u010dka baterie je v\u00edt\u00e1na<\/span><\/p>\n<p>&nbsp;<\/p>\n<\/div>\n<\/div>\n<\/div>\n<\/div>\n<\/div>\n<\/div>\n<div class=\"J_module\">\n<div class=\"icbu-pc-images magic-10\">\n<div>\n<div class=\"flex-layout-v\">\n<div class=\"flex-layout-h magic-10\">\u00a0 \u00a0 \u00a0 <img loading=\"lazy\" decoding=\"async\" class=\"alignnone size-full wp-image-10430\" src=\"https:\/\/www.gmcellpower.com\/wp-content\/themes\/woodmart\/images\/lazy.svg\" data-src=\"http:\/\/www.gmcellpower.com\/wp-content\/uploads\/2025\/11\/0111.jpg\" alt=\"\" width=\"750\" height=\"1220\" srcset=\"\" data-srcset=\"https:\/\/www.gmcellpower.com\/wp-content\/uploads\/2025\/11\/0111.jpg 750w, https:\/\/www.gmcellpower.com\/wp-content\/uploads\/2025\/11\/0111-184x300.jpg 184w, https:\/\/www.gmcellpower.com\/wp-content\/uploads\/2025\/11\/0111-492x800.jpg 492w, https:\/\/www.gmcellpower.com\/wp-content\/uploads\/2025\/11\/0111-7x12.jpg 7w, https:\/\/www.gmcellpower.com\/wp-content\/uploads\/2025\/11\/0111-430x699.jpg 430w, https:\/\/www.gmcellpower.com\/wp-content\/uploads\/2025\/11\/0111-700x1139.jpg 700w, https:\/\/www.gmcellpower.com\/wp-content\/uploads\/2025\/11\/0111-150x244.jpg 150w\" sizes=\"auto, (max-width: 750px) 100vw, 750px\" \/> <img loading=\"lazy\" decoding=\"async\" class=\"alignnone size-full wp-image-10431\" src=\"https:\/\/www.gmcellpower.com\/wp-content\/themes\/woodmart\/images\/lazy.svg\" data-src=\"http:\/\/www.gmcellpower.com\/wp-content\/uploads\/2025\/11\/0112.jpg\" alt=\"\" width=\"750\" height=\"1208\" srcset=\"\" data-srcset=\"https:\/\/www.gmcellpower.com\/wp-content\/uploads\/2025\/11\/0112.jpg 750w, https:\/\/www.gmcellpower.com\/wp-content\/uploads\/2025\/11\/0112-186x300.jpg 186w, https:\/\/www.gmcellpower.com\/wp-content\/uploads\/2025\/11\/0112-497x800.jpg 497w, https:\/\/www.gmcellpower.com\/wp-content\/uploads\/2025\/11\/0112-7x12.jpg 7w, https:\/\/www.gmcellpower.com\/wp-content\/uploads\/2025\/11\/0112-430x693.jpg 430w, https:\/\/www.gmcellpower.com\/wp-content\/uploads\/2025\/11\/0112-700x1127.jpg 700w, https:\/\/www.gmcellpower.com\/wp-content\/uploads\/2025\/11\/0112-150x242.jpg 150w\" sizes=\"auto, (max-width: 750px) 100vw, 750px\" \/> <img loading=\"lazy\" decoding=\"async\" class=\"alignnone size-full wp-image-10432\" src=\"https:\/\/www.gmcellpower.com\/wp-content\/themes\/woodmart\/images\/lazy.svg\" data-src=\"http:\/\/www.gmcellpower.com\/wp-content\/uploads\/2025\/11\/0113.jpg\" alt=\"\" width=\"750\" height=\"1359\" srcset=\"\" data-srcset=\"https:\/\/www.gmcellpower.com\/wp-content\/uploads\/2025\/11\/0113.jpg 750w, https:\/\/www.gmcellpower.com\/wp-content\/uploads\/2025\/11\/0113-166x300.jpg 166w, https:\/\/www.gmcellpower.com\/wp-content\/uploads\/2025\/11\/0113-442x800.jpg 442w, https:\/\/www.gmcellpower.com\/wp-content\/uploads\/2025\/11\/0113-7x12.jpg 7w, https:\/\/www.gmcellpower.com\/wp-content\/uploads\/2025\/11\/0113-430x779.jpg 430w, https:\/\/www.gmcellpower.com\/wp-content\/uploads\/2025\/11\/0113-700x1268.jpg 700w, https:\/\/www.gmcellpower.com\/wp-content\/uploads\/2025\/11\/0113-150x272.jpg 150w\" sizes=\"auto, (max-width: 750px) 100vw, 750px\" \/> <img loading=\"lazy\" decoding=\"async\" class=\"alignnone size-full wp-image-10433\" src=\"https:\/\/www.gmcellpower.com\/wp-content\/themes\/woodmart\/images\/lazy.svg\" data-src=\"http:\/\/www.gmcellpower.com\/wp-content\/uploads\/2025\/11\/0114.jpg\" alt=\"\" width=\"750\" height=\"573\" srcset=\"\" data-srcset=\"https:\/\/www.gmcellpower.com\/wp-content\/uploads\/2025\/11\/0114.jpg 750w, https:\/\/www.gmcellpower.com\/wp-content\/uploads\/2025\/11\/0114-393x300.jpg 393w, https:\/\/www.gmcellpower.com\/wp-content\/uploads\/2025\/11\/0114-16x12.jpg 16w, https:\/\/www.gmcellpower.com\/wp-content\/uploads\/2025\/11\/0114-430x329.jpg 430w, https:\/\/www.gmcellpower.com\/wp-content\/uploads\/2025\/11\/0114-700x535.jpg 700w, https:\/\/www.gmcellpower.com\/wp-content\/uploads\/2025\/11\/0114-150x115.jpg 150w\" sizes=\"auto, (max-width: 750px) 100vw, 750px\" \/> <img loading=\"lazy\" decoding=\"async\" class=\"alignnone size-full wp-image-10434\" src=\"https:\/\/www.gmcellpower.com\/wp-content\/themes\/woodmart\/images\/lazy.svg\" data-src=\"http:\/\/www.gmcellpower.com\/wp-content\/uploads\/2025\/11\/0115.jpg\" alt=\"\" width=\"750\" height=\"770\" srcset=\"\" data-srcset=\"https:\/\/www.gmcellpower.com\/wp-content\/uploads\/2025\/11\/0115.jpg 750w, https:\/\/www.gmcellpower.com\/wp-content\/uploads\/2025\/11\/0115-292x300.jpg 292w, https:\/\/www.gmcellpower.com\/wp-content\/uploads\/2025\/11\/0115-12x12.jpg 12w, https:\/\/www.gmcellpower.com\/wp-content\/uploads\/2025\/11\/0115-430x441.jpg 430w, https:\/\/www.gmcellpower.com\/wp-content\/uploads\/2025\/11\/0115-700x719.jpg 700w, https:\/\/www.gmcellpower.com\/wp-content\/uploads\/2025\/11\/0115-150x154.jpg 150w\" sizes=\"auto, (max-width: 750px) 100vw, 750px\" \/> <img loading=\"lazy\" decoding=\"async\" class=\"alignnone size-full wp-image-10435\" src=\"https:\/\/www.gmcellpower.com\/wp-content\/themes\/woodmart\/images\/lazy.svg\" data-src=\"http:\/\/www.gmcellpower.com\/wp-content\/uploads\/2025\/11\/0116.jpg\" alt=\"\" width=\"750\" height=\"1242\" srcset=\"\" data-srcset=\"https:\/\/www.gmcellpower.com\/wp-content\/uploads\/2025\/11\/0116.jpg 750w, https:\/\/www.gmcellpower.com\/wp-content\/uploads\/2025\/11\/0116-181x300.jpg 181w, https:\/\/www.gmcellpower.com\/wp-content\/uploads\/2025\/11\/0116-483x800.jpg 483w, https:\/\/www.gmcellpower.com\/wp-content\/uploads\/2025\/11\/0116-7x12.jpg 7w, https:\/\/www.gmcellpower.com\/wp-content\/uploads\/2025\/11\/0116-430x712.jpg 430w, https:\/\/www.gmcellpower.com\/wp-content\/uploads\/2025\/11\/0116-700x1159.jpg 700w, https:\/\/www.gmcellpower.com\/wp-content\/uploads\/2025\/11\/0116-150x248.jpg 150w\" sizes=\"auto, (max-width: 750px) 100vw, 750px\" \/> <img loading=\"lazy\" decoding=\"async\" class=\"alignnone size-full wp-image-10436\" src=\"https:\/\/www.gmcellpower.com\/wp-content\/themes\/woodmart\/images\/lazy.svg\" data-src=\"http:\/\/www.gmcellpower.com\/wp-content\/uploads\/2025\/11\/0117.jpg\" alt=\"\" width=\"750\" height=\"1017\" srcset=\"\" data-srcset=\"https:\/\/www.gmcellpower.com\/wp-content\/uploads\/2025\/11\/0117.jpg 750w, https:\/\/www.gmcellpower.com\/wp-content\/uploads\/2025\/11\/0117-221x300.jpg 221w, https:\/\/www.gmcellpower.com\/wp-content\/uploads\/2025\/11\/0117-590x800.jpg 590w, https:\/\/www.gmcellpower.com\/wp-content\/uploads\/2025\/11\/0117-9x12.jpg 9w, https:\/\/www.gmcellpower.com\/wp-content\/uploads\/2025\/11\/0117-430x583.jpg 430w, https:\/\/www.gmcellpower.com\/wp-content\/uploads\/2025\/11\/0117-700x949.jpg 700w, https:\/\/www.gmcellpower.com\/wp-content\/uploads\/2025\/11\/0117-150x203.jpg 150w\" sizes=\"auto, (max-width: 750px) 100vw, 750px\" \/><\/div>\n<\/div>\n<\/div>\n<\/div>\n<\/div>\n<\/div>\n<\/div>","protected":false},"excerpt":{"rendered":"<h3>GMCELL Super Alkaline AAA industrial batteries<\/h3>\n<ul>\n<li>Are ideal for powering low drain professional devices which require constant current over a long period of time such as security keypads, remote controls, bluetooth keyboard, thermometer, blood pressure monitor, toys, alarm panel, wireless mice, 2-way radio and more.<\/li>\n<li>Ensure the longevity and permanence of your business operations while keeping costs low with our reliable and high quality products. Enjoy the added benefit of a 5-year warranty for added peace of mind.<\/li>\n<\/ul>","protected":false},"featured_media":9506,"template":"","meta":{"_acf_changed":false},"product_brand":[],"product_cat":[21],"product_tag":[82,80],"class_list":{"0":"post-9504","1":"product","2":"type-product","3":"status-publish","4":"has-post-thumbnail","6":"product_cat-alkaline-batteries","7":"product_tag-aaa-battery","8":"product_tag-gmcell","10":"first","11":"instock","12":"shipping-taxable","13":"product-type-simple"},"acf":[],"aioseo_notices":[],"_links":{"self":[{"href":"https:\/\/www.gmcellpower.com\/cs\/wp-json\/wp\/v2\/product\/9504","targetHints":{"allow":["GET"]}}],"collection":[{"href":"https:\/\/www.gmcellpower.com\/cs\/wp-json\/wp\/v2\/product"}],"about":[{"href":"https:\/\/www.gmcellpower.com\/cs\/wp-json\/wp\/v2\/types\/product"}],"wp:featuredmedia":[{"embeddable":true,"href":"https:\/\/www.gmcellpower.com\/cs\/wp-json\/wp\/v2\/media\/9506"}],"wp:attachment":[{"href":"https:\/\/www.gmcellpower.com\/cs\/wp-json\/wp\/v2\/media?parent=9504"}],"wp:term":[{"taxonomy":"product_brand","embeddable":true,"href":"https:\/\/www.gmcellpower.com\/cs\/wp-json\/wp\/v2\/product_brand?post=9504"},{"taxonomy":"product_cat","embeddable":true,"href":"https:\/\/www.gmcellpower.com\/cs\/wp-json\/wp\/v2\/product_cat?post=9504"},{"taxonomy":"product_tag","embeddable":true,"href":"https:\/\/www.gmcellpower.com\/cs\/wp-json\/wp\/v2\/product_tag?post=9504"}],"curies":[{"name":"wp","href":"https:\/\/api.w.org\/{rel}","templated":true}]}}