{"id":10604,"date":"2026-01-31T16:10:31","date_gmt":"2026-01-31T08:10:31","guid":{"rendered":"https:\/\/www.gmcellpower.com\/?post_type=product&#038;p=10604"},"modified":"2026-01-31T16:10:31","modified_gmt":"2026-01-31T08:10:31","slug":"gmcell-1-5v-3000mwh-usb-aa-aaa-battery-type-c-rechargeable-lithium-ion-usb-batteries","status":"publish","type":"product","link":"https:\/\/www.gmcellpower.com\/fr\/batteries\/gmcell-1-5v-3000mwh-usb-aa-aaa-battery-type-c-rechargeable-lithium-ion-usb-batteries\/","title":{"rendered":"GMCELL 1.5V 3000mWh USB AA AAA Type-C Rechargeable Lithium ion USB Batteries"},"content":{"rendered":"","protected":false},"excerpt":{"rendered":"<h3>OEM Portable 1.5V Lithium Ion AAA AA USB Batteries with Charger Cable<\/h3>\n<p><strong>Tension nominale : 1,5V | Capacit\u00e9 nominale : 3000mWh | Entr\u00e9e \uff1a5V1A-3A | Taille : 14,6*52,5mm<\/strong><\/p>\n<p><strong>Sortie \u00e0 tension constante de 1,5V<\/strong>, Entr\u00e9e 5V1A-3A<\/p>\n<p><strong>Port d'entr\u00e9e de charge pratique USB-C<\/strong>, Compatible avec tous les appareils \u00e0 entr\u00e9e USB-C et Type-C (ordinateur portable\/banque d'alimentation\/chargeur de t\u00e9l\u00e9phone portable)<\/p>\n<p><strong>Grande capacit\u00e9 :<\/strong>\u00a0Utilisant des batteries lithium-ion 14500, \u00e0 haute densit\u00e9 \u00e9nerg\u00e9tique, de petite taille et de grande capacit\u00e9, il est pratique \u00e0 transporter et a une dur\u00e9e d'utilisation plus longue.<\/p>\n<p><strong>Protection multiple de la s\u00e9curit\u00e9<\/strong>Protection contre les surcharges, les surd\u00e9charges, les courts-circuits, les surintensit\u00e9s et la temp\u00e9rature : PCB int\u00e9gr\u00e9.<\/p>\n<p><strong>Batteries rechargeables au lithium-ion :<\/strong>\u00a0plus respectueux de l'environnement, r\u00e9duire la pollution caus\u00e9e par l'environnement.<\/p>","protected":false},"featured_media":10606,"template":"","meta":{"_acf_changed":false},"product_brand":[],"product_cat":[76],"product_tag":[],"class_list":{"0":"post-10604","1":"product","2":"type-product","3":"status-publish","4":"has-post-thumbnail","6":"product_cat-usb-rechargeable-batteries","8":"first","9":"instock","10":"shipping-taxable","11":"product-type-simple"},"acf":[],"aioseo_notices":[],"_links":{"self":[{"href":"https:\/\/www.gmcellpower.com\/fr\/wp-json\/wp\/v2\/product\/10604","targetHints":{"allow":["GET"]}}],"collection":[{"href":"https:\/\/www.gmcellpower.com\/fr\/wp-json\/wp\/v2\/product"}],"about":[{"href":"https:\/\/www.gmcellpower.com\/fr\/wp-json\/wp\/v2\/types\/product"}],"wp:featuredmedia":[{"embeddable":true,"href":"https:\/\/www.gmcellpower.com\/fr\/wp-json\/wp\/v2\/media\/10606"}],"wp:attachment":[{"href":"https:\/\/www.gmcellpower.com\/fr\/wp-json\/wp\/v2\/media?parent=10604"}],"wp:term":[{"taxonomy":"product_brand","embeddable":true,"href":"https:\/\/www.gmcellpower.com\/fr\/wp-json\/wp\/v2\/product_brand?post=10604"},{"taxonomy":"product_cat","embeddable":true,"href":"https:\/\/www.gmcellpower.com\/fr\/wp-json\/wp\/v2\/product_cat?post=10604"},{"taxonomy":"product_tag","embeddable":true,"href":"https:\/\/www.gmcellpower.com\/fr\/wp-json\/wp\/v2\/product_tag?post=10604"}],"curies":[{"name":"wp","href":"https:\/\/api.w.org\/{rel}","templated":true}]}}