{"id":10614,"date":"2026-01-31T16:15:54","date_gmt":"2026-01-31T08:15:54","guid":{"rendered":"https:\/\/www.gmcellpower.com\/?post_type=product&#038;p=10614"},"modified":"2026-01-31T16:15:54","modified_gmt":"2026-01-31T08:15:54","slug":"potrable-1-5v-rechargeable-lithium-usb-battery","status":"publish","type":"product","link":"https:\/\/www.gmcellpower.com\/hu\/batteries\/potrable-1-5v-rechargeable-lithium-usb-battery\/","title":{"rendered":"Potrable 1.5V \u00fajrat\u00f6lthet\u0151 l\u00edtium USB akkumul\u00e1tor"},"content":{"rendered":"","protected":false},"excerpt":{"rendered":"<h3>GMCELL 1.5V 2500mWh USB-C Rechargeable Lithium AA Battery<\/h3>\n<div>\n<div>\n<div data-spm-anchor-id=\"a2700.details.0.i44.7a5f4ad2WOEjXS\">* Low self-discharge \u2013 GMCELL AA batteries will remain 90% juice when you leaving it for no use 1 year<\/div>\n<div data-spm-anchor-id=\"a2700.details.0.i44.7a5f4ad2WOEjXS\">* Safer AA Battery \u2013 Embedded seal structure, ultra slim and make more inner space, DBCK steel shell can protect the battery against explosion due to overpressure.<\/div>\n<div data-spm-anchor-id=\"a2700.details.0.i44.7a5f4ad2WOEjXS\">* High Quality \u2013 Rechargeable Lithium battery, no memory effect, can be charged and used at anytime.<\/div>\n<div data-spm-anchor-id=\"a2700.details.0.i44.7a5f4ad2WOEjXS\">* Super Capacity \u2013 600~2500 mWh AA\/AAA rechargeable batteries, the highest on Amazon.com, high performance and long lasting for daily household devices<\/div>\n<div data-spm-anchor-id=\"a2700.details.0.i44.7a5f4ad2WOEjXS\">* Supercell lattice &#8211;\u00a0GMCELL batteries made in supercell lattice technology, make it more inner space to contain such high volume power juice, provide constant voltage and best performance in heavy load discharge.<\/div>\n<\/div>\n<\/div>","protected":false},"featured_media":10616,"template":"","meta":{"_acf_changed":false},"product_brand":[],"product_cat":[76],"product_tag":[],"class_list":{"0":"post-10614","1":"product","2":"type-product","3":"status-publish","4":"has-post-thumbnail","6":"product_cat-usb-rechargeable-batteries","8":"first","9":"instock","10":"shipping-taxable","11":"product-type-simple"},"acf":[],"aioseo_notices":[],"_links":{"self":[{"href":"https:\/\/www.gmcellpower.com\/hu\/wp-json\/wp\/v2\/product\/10614","targetHints":{"allow":["GET"]}}],"collection":[{"href":"https:\/\/www.gmcellpower.com\/hu\/wp-json\/wp\/v2\/product"}],"about":[{"href":"https:\/\/www.gmcellpower.com\/hu\/wp-json\/wp\/v2\/types\/product"}],"wp:featuredmedia":[{"embeddable":true,"href":"https:\/\/www.gmcellpower.com\/hu\/wp-json\/wp\/v2\/media\/10616"}],"wp:attachment":[{"href":"https:\/\/www.gmcellpower.com\/hu\/wp-json\/wp\/v2\/media?parent=10614"}],"wp:term":[{"taxonomy":"product_brand","embeddable":true,"href":"https:\/\/www.gmcellpower.com\/hu\/wp-json\/wp\/v2\/product_brand?post=10614"},{"taxonomy":"product_cat","embeddable":true,"href":"https:\/\/www.gmcellpower.com\/hu\/wp-json\/wp\/v2\/product_cat?post=10614"},{"taxonomy":"product_tag","embeddable":true,"href":"https:\/\/www.gmcellpower.com\/hu\/wp-json\/wp\/v2\/product_tag?post=10614"}],"curies":[{"name":"wp","href":"https:\/\/api.w.org\/{rel}","templated":true}]}}