{"id":10735,"date":"2026-01-31T17:14:38","date_gmt":"2026-01-31T09:14:38","guid":{"rendered":"https:\/\/www.gmcellpower.com\/?post_type=product&#038;p=10735"},"modified":"2026-01-31T17:14:39","modified_gmt":"2026-01-31T09:14:39","slug":"gmcell-1-2v-ni-mh-c-3000mah-rechargeable-battery","status":"publish","type":"product","link":"https:\/\/www.gmcellpower.com\/hu\/batteries\/gmcell-1-2v-ni-mh-c-3000mah-rechargeable-battery\/","title":{"rendered":"GMCELL 1.2V Ni-MH C 3000mAh \u00fajrat\u00f6lthet\u0151 akkumul\u00e1tor"},"content":{"rendered":"","protected":false},"excerpt":{"rendered":"<h3>GMCELL 1.2V Ni-MH C 3000mAh \u00fajrat\u00f6lthet\u0151 akkumul\u00e1tor<\/h3>\n<p>These high-capacity Ni-MH 3000mAh C batteries are perfect for powering a wide range of high-drain devices, offering reliable and long-lasting energy. Ideal for flashlights, radios, toys, portable speakers, and emergency lighting systems, these batteries ensure stable performance with up to 1200 recharge cycles, making them both cost-effective and eco-friendly for personal and professional use.<\/p>","protected":false},"featured_media":10737,"template":"","meta":{"_acf_changed":false},"product_brand":[],"product_cat":[73],"product_tag":[],"class_list":{"0":"post-10735","1":"product","2":"type-product","3":"status-publish","4":"has-post-thumbnail","6":"product_cat-ni-mh-batteries","8":"first","9":"instock","10":"shipping-taxable","11":"product-type-simple"},"acf":[],"aioseo_notices":[],"_links":{"self":[{"href":"https:\/\/www.gmcellpower.com\/hu\/wp-json\/wp\/v2\/product\/10735","targetHints":{"allow":["GET"]}}],"collection":[{"href":"https:\/\/www.gmcellpower.com\/hu\/wp-json\/wp\/v2\/product"}],"about":[{"href":"https:\/\/www.gmcellpower.com\/hu\/wp-json\/wp\/v2\/types\/product"}],"wp:featuredmedia":[{"embeddable":true,"href":"https:\/\/www.gmcellpower.com\/hu\/wp-json\/wp\/v2\/media\/10737"}],"wp:attachment":[{"href":"https:\/\/www.gmcellpower.com\/hu\/wp-json\/wp\/v2\/media?parent=10735"}],"wp:term":[{"taxonomy":"product_brand","embeddable":true,"href":"https:\/\/www.gmcellpower.com\/hu\/wp-json\/wp\/v2\/product_brand?post=10735"},{"taxonomy":"product_cat","embeddable":true,"href":"https:\/\/www.gmcellpower.com\/hu\/wp-json\/wp\/v2\/product_cat?post=10735"},{"taxonomy":"product_tag","embeddable":true,"href":"https:\/\/www.gmcellpower.com\/hu\/wp-json\/wp\/v2\/product_tag?post=10735"}],"curies":[{"name":"wp","href":"https:\/\/api.w.org\/{rel}","templated":true}]}}