{"id":10749,"date":"2026-01-31T17:20:43","date_gmt":"2026-01-31T09:20:43","guid":{"rendered":"https:\/\/www.gmcellpower.com\/?post_type=product&#038;p=10749"},"modified":"2026-01-31T17:20:44","modified_gmt":"2026-01-31T09:20:44","slug":"gmcell-1-2v-ni-mh-aaa-1000mah-rechargeable-battery-2","status":"publish","type":"product","link":"https:\/\/www.gmcellpower.com\/hu\/batteries\/gmcell-1-2v-ni-mh-aaa-1000mah-rechargeable-battery-2\/","title":{"rendered":"GMCELL 1.2V NI-MH AAA 1000mAh \u00fajrat\u00f6lthet\u0151 akkumul\u00e1tor"},"content":{"rendered":"","protected":false},"excerpt":{"rendered":"<h3>GMCELL 1.2V NI-MH AAA 1000mAh \u00fajrat\u00f6lthet\u0151 akkumul\u00e1tor<\/h3>\n<p>GMCELL 1.2V NI-MH AAA 1000mAh Rechargeable Battery, the epitome of efficiency and sustainability. With a remarkable 1200 cycle lifespan, this battery is built to endure, providing you with long-lasting power for your devices. Not only does it offer an impressive capacity of 1000mAh, ensuring extended usage time, but it also boasts the environmentally friendly nature of nickel-metal hydride technology. Embrace the future of energy storage with GMCELL, where innovation meets simplicity for a greener tomorrow.<\/p>","protected":false},"featured_media":10751,"template":"","meta":{"_acf_changed":false},"product_brand":[],"product_cat":[73],"product_tag":[],"class_list":{"0":"post-10749","1":"product","2":"type-product","3":"status-publish","4":"has-post-thumbnail","6":"product_cat-ni-mh-batteries","8":"first","9":"instock","10":"shipping-taxable","11":"product-type-simple"},"acf":[],"aioseo_notices":[],"_links":{"self":[{"href":"https:\/\/www.gmcellpower.com\/hu\/wp-json\/wp\/v2\/product\/10749","targetHints":{"allow":["GET"]}}],"collection":[{"href":"https:\/\/www.gmcellpower.com\/hu\/wp-json\/wp\/v2\/product"}],"about":[{"href":"https:\/\/www.gmcellpower.com\/hu\/wp-json\/wp\/v2\/types\/product"}],"wp:featuredmedia":[{"embeddable":true,"href":"https:\/\/www.gmcellpower.com\/hu\/wp-json\/wp\/v2\/media\/10751"}],"wp:attachment":[{"href":"https:\/\/www.gmcellpower.com\/hu\/wp-json\/wp\/v2\/media?parent=10749"}],"wp:term":[{"taxonomy":"product_brand","embeddable":true,"href":"https:\/\/www.gmcellpower.com\/hu\/wp-json\/wp\/v2\/product_brand?post=10749"},{"taxonomy":"product_cat","embeddable":true,"href":"https:\/\/www.gmcellpower.com\/hu\/wp-json\/wp\/v2\/product_cat?post=10749"},{"taxonomy":"product_tag","embeddable":true,"href":"https:\/\/www.gmcellpower.com\/hu\/wp-json\/wp\/v2\/product_tag?post=10749"}],"curies":[{"name":"wp","href":"https:\/\/api.w.org\/{rel}","templated":true}]}}