{"id":10604,"date":"2026-01-31T16:10:31","date_gmt":"2026-01-31T08:10:31","guid":{"rendered":"https:\/\/www.gmcellpower.com\/?post_type=product&#038;p=10604"},"modified":"2026-01-31T16:10:31","modified_gmt":"2026-01-31T08:10:31","slug":"gmcell-1-5v-3000mwh-usb-aa-aaa-battery-type-c-rechargeable-lithium-ion-usb-batteries","status":"publish","type":"product","link":"https:\/\/www.gmcellpower.com\/it\/batteries\/gmcell-1-5v-3000mwh-usb-aa-aaa-battery-type-c-rechargeable-lithium-ion-usb-batteries\/","title":{"rendered":"GMCELL 1.5V 3000mWh USB AA AAA Batteria Tipo-C Ricaricabile agli ioni di litio USB Batterie"},"content":{"rendered":"","protected":false},"excerpt":{"rendered":"<h3>OEM Batterie portatili 1,5 V agli ioni di litio AAA AA USB con cavo di ricarica<\/h3>\n<p><strong>Tensione nominale: 1.5V | Capacit\u00e0 nominale: 3000mWh | Ingresso: 5V1A-3A | Dimensioni: 14.6*52.5mm<\/strong><\/p>\n<p><strong>Uscita a tensione costante da 1,5 V<\/strong>, ingresso 5V1A-3A<\/p>\n<p><strong>Porta di ingresso per la ricarica USB-C<\/strong>, supporta qualsiasi dispositivo con ingresso USB-C e Type-C (laptop, power bank, caricabatterie per cellulari).<\/p>\n<p><strong>Alta capacit\u00e0:<\/strong>\u00a0Utilizza batterie agli ioni di litio 14500, ad alta densit\u00e0 energetica, di piccole dimensioni e grande capacit\u00e0, comode da trasportare e con un tempo di utilizzo pi\u00f9 lungo.<\/p>\n<p><strong>Protezione multipla di sicurezza<\/strong>PCB integrato, protezione da sovraccarico, protezione da scaricamento eccessivo, protezione da cortocircuito, protezione da sovracorrente, protezione dalla temperatura.<\/p>\n<p><strong>Batterie ricaricabili agli ioni di litio:<\/strong>\u00a0pi\u00f9 ecologico, ridurre l'inquinamento causato dall'ambiente.<\/p>","protected":false},"featured_media":10606,"template":"","meta":{"_acf_changed":false},"product_brand":[],"product_cat":[76],"product_tag":[],"class_list":{"0":"post-10604","1":"product","2":"type-product","3":"status-publish","4":"has-post-thumbnail","6":"product_cat-usb-rechargeable-batteries","8":"first","9":"instock","10":"shipping-taxable","11":"product-type-simple"},"acf":[],"aioseo_notices":[],"_links":{"self":[{"href":"https:\/\/www.gmcellpower.com\/it\/wp-json\/wp\/v2\/product\/10604","targetHints":{"allow":["GET"]}}],"collection":[{"href":"https:\/\/www.gmcellpower.com\/it\/wp-json\/wp\/v2\/product"}],"about":[{"href":"https:\/\/www.gmcellpower.com\/it\/wp-json\/wp\/v2\/types\/product"}],"wp:featuredmedia":[{"embeddable":true,"href":"https:\/\/www.gmcellpower.com\/it\/wp-json\/wp\/v2\/media\/10606"}],"wp:attachment":[{"href":"https:\/\/www.gmcellpower.com\/it\/wp-json\/wp\/v2\/media?parent=10604"}],"wp:term":[{"taxonomy":"product_brand","embeddable":true,"href":"https:\/\/www.gmcellpower.com\/it\/wp-json\/wp\/v2\/product_brand?post=10604"},{"taxonomy":"product_cat","embeddable":true,"href":"https:\/\/www.gmcellpower.com\/it\/wp-json\/wp\/v2\/product_cat?post=10604"},{"taxonomy":"product_tag","embeddable":true,"href":"https:\/\/www.gmcellpower.com\/it\/wp-json\/wp\/v2\/product_tag?post=10604"}],"curies":[{"name":"wp","href":"https:\/\/api.w.org\/{rel}","templated":true}]}}