{"id":9512,"date":"2025-11-10T02:40:35","date_gmt":"2025-11-09T18:40:35","guid":{"rendered":"https:\/\/www.gmcellpower.com\/?post_type=product&#038;p=9512"},"modified":"2026-03-05T01:42:30","modified_gmt":"2026-03-04T17:42:30","slug":"gmcell-wholesale-12v-23a-alkaline-battery","status":"publish","type":"product","link":"https:\/\/www.gmcellpower.com\/pt\/batteries\/gmcell-wholesale-12v-23a-alkaline-battery\/","title":{"rendered":"Bateria alcalina 12V 23A GMCELL por atacado"},"content":{"rendered":"<p><img loading=\"lazy\" decoding=\"async\" class=\"aligncenter wp-image-10420 size-full\" src=\"https:\/\/www.gmcellpower.com\/wp-content\/themes\/woodmart\/images\/lazy.svg\" data-src=\"http:\/\/www.gmcellpower.com\/wp-content\/uploads\/2025\/11\/0101.jpg\" alt=\"\" width=\"750\" height=\"455\" srcset=\"\" data-srcset=\"https:\/\/www.gmcellpower.com\/wp-content\/uploads\/2025\/11\/0101.jpg 750w, https:\/\/www.gmcellpower.com\/wp-content\/uploads\/2025\/11\/0101-400x243.jpg 400w, https:\/\/www.gmcellpower.com\/wp-content\/uploads\/2025\/11\/0101-18x12.jpg 18w, https:\/\/www.gmcellpower.com\/wp-content\/uploads\/2025\/11\/0101-430x261.jpg 430w, https:\/\/www.gmcellpower.com\/wp-content\/uploads\/2025\/11\/0101-700x425.jpg 700w, https:\/\/www.gmcellpower.com\/wp-content\/uploads\/2025\/11\/0101-150x91.jpg 150w\" sizes=\"auto, (max-width: 750px) 100vw, 750px\" \/> <img loading=\"lazy\" decoding=\"async\" class=\"aligncenter wp-image-10421 size-full\" src=\"https:\/\/www.gmcellpower.com\/wp-content\/themes\/woodmart\/images\/lazy.svg\" data-src=\"http:\/\/www.gmcellpower.com\/wp-content\/uploads\/2025\/11\/0102.jpg\" alt=\"\" width=\"750\" height=\"130\" srcset=\"\" data-srcset=\"https:\/\/www.gmcellpower.com\/wp-content\/uploads\/2025\/11\/0102.jpg 750w, https:\/\/www.gmcellpower.com\/wp-content\/uploads\/2025\/11\/0102-400x69.jpg 400w, https:\/\/www.gmcellpower.com\/wp-content\/uploads\/2025\/11\/0102-18x3.jpg 18w, https:\/\/www.gmcellpower.com\/wp-content\/uploads\/2025\/11\/0102-430x75.jpg 430w, https:\/\/www.gmcellpower.com\/wp-content\/uploads\/2025\/11\/0102-700x121.jpg 700w, https:\/\/www.gmcellpower.com\/wp-content\/uploads\/2025\/11\/0102-150x26.jpg 150w\" sizes=\"auto, (max-width: 750px) 100vw, 750px\" \/> <img loading=\"lazy\" decoding=\"async\" class=\"aligncenter wp-image-10422 size-full\" src=\"https:\/\/www.gmcellpower.com\/wp-content\/themes\/woodmart\/images\/lazy.svg\" data-src=\"http:\/\/www.gmcellpower.com\/wp-content\/uploads\/2025\/11\/0103.jpg\" alt=\"\" width=\"750\" height=\"468\" srcset=\"\" data-srcset=\"https:\/\/www.gmcellpower.com\/wp-content\/uploads\/2025\/11\/0103.jpg 750w, https:\/\/www.gmcellpower.com\/wp-content\/uploads\/2025\/11\/0103-400x250.jpg 400w, https:\/\/www.gmcellpower.com\/wp-content\/uploads\/2025\/11\/0103-18x12.jpg 18w, https:\/\/www.gmcellpower.com\/wp-content\/uploads\/2025\/11\/0103-430x268.jpg 430w, https:\/\/www.gmcellpower.com\/wp-content\/uploads\/2025\/11\/0103-700x437.jpg 700w, https:\/\/www.gmcellpower.com\/wp-content\/uploads\/2025\/11\/0103-150x94.jpg 150w\" sizes=\"auto, (max-width: 750px) 100vw, 750px\" \/> <img loading=\"lazy\" decoding=\"async\" class=\"aligncenter wp-image-10423 size-full\" src=\"https:\/\/www.gmcellpower.com\/wp-content\/themes\/woodmart\/images\/lazy.svg\" data-src=\"http:\/\/www.gmcellpower.com\/wp-content\/uploads\/2025\/11\/0104.jpg\" alt=\"\" width=\"750\" height=\"1223\" srcset=\"\" data-srcset=\"https:\/\/www.gmcellpower.com\/wp-content\/uploads\/2025\/11\/0104.jpg 750w, https:\/\/www.gmcellpower.com\/wp-content\/uploads\/2025\/11\/0104-184x300.jpg 184w, https:\/\/www.gmcellpower.com\/wp-content\/uploads\/2025\/11\/0104-491x800.jpg 491w, https:\/\/www.gmcellpower.com\/wp-content\/uploads\/2025\/11\/0104-7x12.jpg 7w, https:\/\/www.gmcellpower.com\/wp-content\/uploads\/2025\/11\/0104-430x701.jpg 430w, https:\/\/www.gmcellpower.com\/wp-content\/uploads\/2025\/11\/0104-700x1141.jpg 700w, https:\/\/www.gmcellpower.com\/wp-content\/uploads\/2025\/11\/0104-150x245.jpg 150w\" sizes=\"auto, (max-width: 750px) 100vw, 750px\" \/> <img loading=\"lazy\" decoding=\"async\" class=\"aligncenter wp-image-10424 size-full\" src=\"https:\/\/www.gmcellpower.com\/wp-content\/themes\/woodmart\/images\/lazy.svg\" data-src=\"http:\/\/www.gmcellpower.com\/wp-content\/uploads\/2025\/11\/0105.jpg\" alt=\"\" width=\"750\" height=\"1187\" srcset=\"\" data-srcset=\"https:\/\/www.gmcellpower.com\/wp-content\/uploads\/2025\/11\/0105.jpg 750w, https:\/\/www.gmcellpower.com\/wp-content\/uploads\/2025\/11\/0105-190x300.jpg 190w, https:\/\/www.gmcellpower.com\/wp-content\/uploads\/2025\/11\/0105-505x800.jpg 505w, https:\/\/www.gmcellpower.com\/wp-content\/uploads\/2025\/11\/0105-8x12.jpg 8w, https:\/\/www.gmcellpower.com\/wp-content\/uploads\/2025\/11\/0105-430x681.jpg 430w, https:\/\/www.gmcellpower.com\/wp-content\/uploads\/2025\/11\/0105-700x1108.jpg 700w, https:\/\/www.gmcellpower.com\/wp-content\/uploads\/2025\/11\/0105-150x237.jpg 150w\" sizes=\"auto, (max-width: 750px) 100vw, 750px\" \/> <img loading=\"lazy\" decoding=\"async\" class=\"aligncenter wp-image-10425 size-full\" src=\"https:\/\/www.gmcellpower.com\/wp-content\/themes\/woodmart\/images\/lazy.svg\" data-src=\"http:\/\/www.gmcellpower.com\/wp-content\/uploads\/2025\/11\/0106.jpg\" alt=\"\" width=\"750\" height=\"1239\" srcset=\"\" data-srcset=\"https:\/\/www.gmcellpower.com\/wp-content\/uploads\/2025\/11\/0106.jpg 750w, https:\/\/www.gmcellpower.com\/wp-content\/uploads\/2025\/11\/0106-182x300.jpg 182w, https:\/\/www.gmcellpower.com\/wp-content\/uploads\/2025\/11\/0106-484x800.jpg 484w, https:\/\/www.gmcellpower.com\/wp-content\/uploads\/2025\/11\/0106-7x12.jpg 7w, https:\/\/www.gmcellpower.com\/wp-content\/uploads\/2025\/11\/0106-430x710.jpg 430w, https:\/\/www.gmcellpower.com\/wp-content\/uploads\/2025\/11\/0106-700x1156.jpg 700w, https:\/\/www.gmcellpower.com\/wp-content\/uploads\/2025\/11\/0106-150x248.jpg 150w\" sizes=\"auto, (max-width: 750px) 100vw, 750px\" \/> <img loading=\"lazy\" decoding=\"async\" class=\"aligncenter wp-image-10426 size-full\" src=\"https:\/\/www.gmcellpower.com\/wp-content\/themes\/woodmart\/images\/lazy.svg\" data-src=\"http:\/\/www.gmcellpower.com\/wp-content\/uploads\/2025\/11\/0107.jpg\" alt=\"\" width=\"750\" height=\"1187\" srcset=\"\" data-srcset=\"https:\/\/www.gmcellpower.com\/wp-content\/uploads\/2025\/11\/0107.jpg 750w, https:\/\/www.gmcellpower.com\/wp-content\/uploads\/2025\/11\/0107-190x300.jpg 190w, https:\/\/www.gmcellpower.com\/wp-content\/uploads\/2025\/11\/0107-505x800.jpg 505w, https:\/\/www.gmcellpower.com\/wp-content\/uploads\/2025\/11\/0107-8x12.jpg 8w, https:\/\/www.gmcellpower.com\/wp-content\/uploads\/2025\/11\/0107-430x681.jpg 430w, https:\/\/www.gmcellpower.com\/wp-content\/uploads\/2025\/11\/0107-700x1108.jpg 700w, https:\/\/www.gmcellpower.com\/wp-content\/uploads\/2025\/11\/0107-150x237.jpg 150w\" sizes=\"auto, (max-width: 750px) 100vw, 750px\" \/> <img loading=\"lazy\" decoding=\"async\" class=\"aligncenter wp-image-10427 size-full\" src=\"https:\/\/www.gmcellpower.com\/wp-content\/themes\/woodmart\/images\/lazy.svg\" data-src=\"http:\/\/www.gmcellpower.com\/wp-content\/uploads\/2025\/11\/0108.jpg\" alt=\"\" width=\"750\" height=\"766\" srcset=\"\" data-srcset=\"https:\/\/www.gmcellpower.com\/wp-content\/uploads\/2025\/11\/0108.jpg 750w, https:\/\/www.gmcellpower.com\/wp-content\/uploads\/2025\/11\/0108-294x300.jpg 294w, https:\/\/www.gmcellpower.com\/wp-content\/uploads\/2025\/11\/0108-12x12.jpg 12w, https:\/\/www.gmcellpower.com\/wp-content\/uploads\/2025\/11\/0108-430x439.jpg 430w, https:\/\/www.gmcellpower.com\/wp-content\/uploads\/2025\/11\/0108-700x715.jpg 700w, https:\/\/www.gmcellpower.com\/wp-content\/uploads\/2025\/11\/0108-150x153.jpg 150w\" sizes=\"auto, (max-width: 750px) 100vw, 750px\" \/><\/p>\n<div class=\"J_module\" style=\"text-align: center;\">\n<div class=\"ife-detail-decorate-table\">\n<table class=\"all magic-20\">\n<tbody>\n<tr>\n<td colspan=\"5\" rowspan=\"1\">\n<div class=\"magic-21\">ESPECIFICA\u00c7\u00d5ES<\/div>\n<\/td>\n<\/tr>\n<tr>\n<td colspan=\"3\" rowspan=\"1\">\n<div class=\"magic-27\">Nome do artigo<\/div>\n<\/td>\n<td colspan=\"2\" rowspan=\"1\">\n<div class=\"magic-28\">Pilhas alcalinas super-resistentes<\/div>\n<\/td>\n<\/tr>\n<tr>\n<td colspan=\"3\" rowspan=\"1\">\n<div class=\"magic-27\">Casaco<\/div>\n<\/td>\n<td colspan=\"2\" rowspan=\"1\">\n<div class=\"magic-28\">Folha de alum\u00ednio<\/div>\n<\/td>\n<\/tr>\n<tr>\n<td colspan=\"3\" rowspan=\"1\">\n<div class=\"magic-27\">Sistema qu\u00edmico<\/div>\n<\/td>\n<td colspan=\"2\" rowspan=\"1\">\n<div class=\"magic-28\">Zn\/MnO2 (NO Hg \/Cd\/Pd)<\/div>\n<\/td>\n<\/tr>\n<tr>\n<td colspan=\"3\" rowspan=\"1\">\n<div class=\"magic-27\">Tens\u00e3o nominal<\/div>\n<\/td>\n<td colspan=\"2\" rowspan=\"1\">\n<div class=\"magic-28\">1.5V<\/div>\n<\/td>\n<\/tr>\n<tr>\n<td colspan=\"3\" rowspan=\"1\">\n<div class=\"magic-27\">Embalagem<\/div>\n<\/td>\n<td colspan=\"2\" rowspan=\"1\">\n<div class=\"magic-28\">Cart\u00e3o blister ou retr\u00e1til<\/div>\n<\/td>\n<\/tr>\n<tr>\n<td colspan=\"3\" rowspan=\"1\">\n<div class=\"magic-27\">Dimens\u00f5es (di\u00e2metro*altura*peso)\/mm*g<\/div>\n<\/td>\n<td colspan=\"2\" rowspan=\"1\">\n<div class=\"magic-28\">10\u00b10.5*44\u00b10.5mm*11.1g<\/div>\n<\/td>\n<\/tr>\n<tr>\n<td colspan=\"3\" rowspan=\"1\">\n<div class=\"magic-27\">Prazo de validade<\/div>\n<\/td>\n<td colspan=\"2\" rowspan=\"1\">\n<div class=\"magic-28\">5 anos<\/div>\n<\/td>\n<\/tr>\n<tr>\n<td colspan=\"3\" rowspan=\"1\">\n<div class=\"magic-27\">Tempo de descarga<\/div>\n<\/td>\n<td colspan=\"2\" rowspan=\"1\">\n<div class=\"magic-28\">140 minutos<\/div>\n<\/td>\n<\/tr>\n<tr>\n<td colspan=\"5\" rowspan=\"1\">\n<div class=\"magic-21\">CARACTER\u00cdSTICAS<\/div>\n<\/td>\n<\/tr>\n<tr>\n<td colspan=\"3\" rowspan=\"1\">\n<div class=\"magic-27\">Condi\u00e7\u00e3o de descarga<\/div>\n<\/td>\n<td colspan=\"2\" rowspan=\"1\">\n<div class=\"magic-28\">M\u00e9dia m\u00ednima Tempo de descarga<\/div>\n<\/td>\n<\/tr>\n<tr>\n<td colspan=\"1\" rowspan=\"1\">\n<div class=\"magic-29\">Resist\u00eancia em carga<\/div>\n<\/td>\n<td colspan=\"1\" rowspan=\"1\">\n<div class=\"magic-23\">Tempo de descarga por dia<\/div>\n<\/td>\n<td colspan=\"1\" rowspan=\"1\">\n<div class=\"magic-24\">Tens\u00e3o final (V)<\/div>\n<\/td>\n<td colspan=\"1\" rowspan=\"1\">\n<div class=\"magic-25\">Bateria nova<\/div>\n<\/td>\n<td colspan=\"1\" rowspan=\"1\">\n<div class=\"magic-30\">Armazenado durante 12 meses em<br \/>\nTemperatura ambiente<\/div>\n<\/td>\n<\/tr>\n<tr>\n<td colspan=\"1\" rowspan=\"1\">\n<div class=\"magic-29\">20\u03a9<\/div>\n<\/td>\n<td colspan=\"1\" rowspan=\"1\">\n<div class=\"magic-23\">24h\/d<\/div>\n<\/td>\n<td colspan=\"1\" rowspan=\"1\">\n<div class=\"magic-24\">0.9<\/div>\n<\/td>\n<td colspan=\"1\" rowspan=\"1\">\n<div class=\"magic-25\">\u226517.5h<\/div>\n<\/td>\n<td colspan=\"1\" rowspan=\"1\">\n<div class=\"magic-30\">\u226516.5h<\/div>\n<\/td>\n<\/tr>\n<tr>\n<td colspan=\"1\" rowspan=\"1\">\n<div class=\"magic-29\">10\u03a9<\/div>\n<\/td>\n<td colspan=\"1\" rowspan=\"1\">\n<div class=\"magic-23\">1h\/d<\/div>\n<\/td>\n<td colspan=\"1\" rowspan=\"1\">\n<div class=\"magic-24\">0.9<\/div>\n<\/td>\n<td colspan=\"1\" rowspan=\"1\">\n<div class=\"magic-25\">\u22657.5h<\/div>\n<\/td>\n<td colspan=\"1\" rowspan=\"1\">\n<div class=\"magic-30\">\u22657.0h<\/div>\n<\/td>\n<\/tr>\n<tr>\n<td colspan=\"1\" rowspan=\"1\">\n<div class=\"magic-29\">3.9\u03a9<\/div>\n<\/td>\n<td colspan=\"1\" rowspan=\"1\">\n<div class=\"magic-23\">1h\/d<\/div>\n<\/td>\n<td colspan=\"1\" rowspan=\"1\">\n<div class=\"magic-24\">0.9<\/div>\n<\/td>\n<td colspan=\"1\" rowspan=\"1\">\n<div class=\"magic-25\">\u2265140min<\/div>\n<\/td>\n<td colspan=\"1\" rowspan=\"1\">\n<div class=\"magic-30\">\u2265120min<\/div>\n<\/td>\n<\/tr>\n<\/tbody>\n<\/table>\n<p><img loading=\"lazy\" decoding=\"async\" class=\"aligncenter wp-image-10428 size-full\" src=\"https:\/\/www.gmcellpower.com\/wp-content\/themes\/woodmart\/images\/lazy.svg\" data-src=\"http:\/\/www.gmcellpower.com\/wp-content\/uploads\/2025\/11\/0109.jpg\" alt=\"\" width=\"1363\" height=\"292\" srcset=\"\" data-srcset=\"https:\/\/www.gmcellpower.com\/wp-content\/uploads\/2025\/11\/0109.jpg 1363w, https:\/\/www.gmcellpower.com\/wp-content\/uploads\/2025\/11\/0109-400x86.jpg 400w, https:\/\/www.gmcellpower.com\/wp-content\/uploads\/2025\/11\/0109-1300x279.jpg 1300w, https:\/\/www.gmcellpower.com\/wp-content\/uploads\/2025\/11\/0109-768x165.jpg 768w, https:\/\/www.gmcellpower.com\/wp-content\/uploads\/2025\/11\/0109-18x4.jpg 18w, https:\/\/www.gmcellpower.com\/wp-content\/uploads\/2025\/11\/0109-430x92.jpg 430w, https:\/\/www.gmcellpower.com\/wp-content\/uploads\/2025\/11\/0109-700x150.jpg 700w, https:\/\/www.gmcellpower.com\/wp-content\/uploads\/2025\/11\/0109-150x32.jpg 150w\" sizes=\"auto, (max-width: 1363px) 100vw, 1363px\" \/> <img loading=\"lazy\" decoding=\"async\" class=\"aligncenter wp-image-10429 size-full\" src=\"https:\/\/www.gmcellpower.com\/wp-content\/themes\/woodmart\/images\/lazy.svg\" data-src=\"http:\/\/www.gmcellpower.com\/wp-content\/uploads\/2025\/11\/0110.jpg\" alt=\"\" width=\"750\" height=\"879\" srcset=\"\" data-srcset=\"https:\/\/www.gmcellpower.com\/wp-content\/uploads\/2025\/11\/0110.jpg 750w, https:\/\/www.gmcellpower.com\/wp-content\/uploads\/2025\/11\/0110-256x300.jpg 256w, https:\/\/www.gmcellpower.com\/wp-content\/uploads\/2025\/11\/0110-683x800.jpg 683w, https:\/\/www.gmcellpower.com\/wp-content\/uploads\/2025\/11\/0110-10x12.jpg 10w, https:\/\/www.gmcellpower.com\/wp-content\/uploads\/2025\/11\/0110-430x504.jpg 430w, https:\/\/www.gmcellpower.com\/wp-content\/uploads\/2025\/11\/0110-700x820.jpg 700w, https:\/\/www.gmcellpower.com\/wp-content\/uploads\/2025\/11\/0110-150x176.jpg 150w\" sizes=\"auto, (max-width: 750px) 100vw, 750px\" \/><\/p>\n<div class=\"J_module\" style=\"text-align: center;\">\n<div class=\"detail-decorate-json-renderer-container\">\n<div class=\"magic-0\">\n<div class=\"magic-1\">\n<div class=\"magic-2\">\n<div class=\"magic-3\">\n<p class=\"magic-35\" style=\"text-align: left;\"><span class=\"magic-36\"><span class=\"magic-37\"><b class=\"magic-6\">O NOSSO SERVI\u00c7O:<\/b><\/span><\/span><\/p>\n<p class=\"magic-38\" style=\"text-align: left;\"><span class=\"magic-39\">1. Servi\u00e7o de apoio ao cliente 24 horas por dia<\/span><br \/>\n<span class=\"magic-39\">2. Podem ser fornecidas amostras gratuitas para testar primeiro<\/span><br \/>\n<span class=\"magic-39\">3. Pequena encomenda bem-vinda<\/span><br \/>\n<span class=\"magic-39\">4. Tempo de chumbo r\u00e1pido (amostras dentro de 1-2 dias \u00fateis), ordem decente dentro de 10-15 dias \u00fateis ap\u00f3s o dep\u00f3sito<\/span><br \/>\n<span class=\"magic-39\">5. Nosso departamento de QC ir\u00e1 verificar cada bateria um por um antes do envio, 100% alta qualidade garantida<\/span><\/p>\n<p class=\"magic-38\" style=\"text-align: left;\"><span class=\"magic-39\">6. Excelente servi\u00e7o p\u00f3s-venda, se houver algum problema de qualidade, entre em contato conosco, a bateria gratuita ser\u00e1 oferecida para cada bateria defeituosa<\/span><br \/>\n<span class=\"magic-39\">7. A sua marca personalizada para a bateria \u00e9 bem-vinda<\/span><\/p>\n<p>&nbsp;<\/p>\n<\/div>\n<\/div>\n<\/div>\n<\/div>\n<\/div>\n<\/div>\n<div class=\"J_module\">\n<div class=\"icbu-pc-images magic-10\">\n<div>\n<div class=\"flex-layout-v\">\n<div class=\"flex-layout-h magic-10\">\u00a0 \u00a0 \u00a0 <img loading=\"lazy\" decoding=\"async\" class=\"alignnone size-full wp-image-10430\" src=\"https:\/\/www.gmcellpower.com\/wp-content\/themes\/woodmart\/images\/lazy.svg\" data-src=\"http:\/\/www.gmcellpower.com\/wp-content\/uploads\/2025\/11\/0111.jpg\" alt=\"\" width=\"750\" height=\"1220\" srcset=\"\" data-srcset=\"https:\/\/www.gmcellpower.com\/wp-content\/uploads\/2025\/11\/0111.jpg 750w, https:\/\/www.gmcellpower.com\/wp-content\/uploads\/2025\/11\/0111-184x300.jpg 184w, https:\/\/www.gmcellpower.com\/wp-content\/uploads\/2025\/11\/0111-492x800.jpg 492w, https:\/\/www.gmcellpower.com\/wp-content\/uploads\/2025\/11\/0111-7x12.jpg 7w, https:\/\/www.gmcellpower.com\/wp-content\/uploads\/2025\/11\/0111-430x699.jpg 430w, https:\/\/www.gmcellpower.com\/wp-content\/uploads\/2025\/11\/0111-700x1139.jpg 700w, https:\/\/www.gmcellpower.com\/wp-content\/uploads\/2025\/11\/0111-150x244.jpg 150w\" sizes=\"auto, (max-width: 750px) 100vw, 750px\" \/> <img loading=\"lazy\" decoding=\"async\" class=\"alignnone size-full wp-image-10431\" src=\"https:\/\/www.gmcellpower.com\/wp-content\/themes\/woodmart\/images\/lazy.svg\" data-src=\"http:\/\/www.gmcellpower.com\/wp-content\/uploads\/2025\/11\/0112.jpg\" alt=\"\" width=\"750\" height=\"1208\" srcset=\"\" data-srcset=\"https:\/\/www.gmcellpower.com\/wp-content\/uploads\/2025\/11\/0112.jpg 750w, https:\/\/www.gmcellpower.com\/wp-content\/uploads\/2025\/11\/0112-186x300.jpg 186w, https:\/\/www.gmcellpower.com\/wp-content\/uploads\/2025\/11\/0112-497x800.jpg 497w, https:\/\/www.gmcellpower.com\/wp-content\/uploads\/2025\/11\/0112-7x12.jpg 7w, https:\/\/www.gmcellpower.com\/wp-content\/uploads\/2025\/11\/0112-430x693.jpg 430w, https:\/\/www.gmcellpower.com\/wp-content\/uploads\/2025\/11\/0112-700x1127.jpg 700w, https:\/\/www.gmcellpower.com\/wp-content\/uploads\/2025\/11\/0112-150x242.jpg 150w\" sizes=\"auto, (max-width: 750px) 100vw, 750px\" \/> <img loading=\"lazy\" decoding=\"async\" class=\"alignnone size-full wp-image-10432\" src=\"https:\/\/www.gmcellpower.com\/wp-content\/themes\/woodmart\/images\/lazy.svg\" data-src=\"http:\/\/www.gmcellpower.com\/wp-content\/uploads\/2025\/11\/0113.jpg\" alt=\"\" width=\"750\" height=\"1359\" srcset=\"\" data-srcset=\"https:\/\/www.gmcellpower.com\/wp-content\/uploads\/2025\/11\/0113.jpg 750w, https:\/\/www.gmcellpower.com\/wp-content\/uploads\/2025\/11\/0113-166x300.jpg 166w, https:\/\/www.gmcellpower.com\/wp-content\/uploads\/2025\/11\/0113-442x800.jpg 442w, https:\/\/www.gmcellpower.com\/wp-content\/uploads\/2025\/11\/0113-7x12.jpg 7w, https:\/\/www.gmcellpower.com\/wp-content\/uploads\/2025\/11\/0113-430x779.jpg 430w, https:\/\/www.gmcellpower.com\/wp-content\/uploads\/2025\/11\/0113-700x1268.jpg 700w, https:\/\/www.gmcellpower.com\/wp-content\/uploads\/2025\/11\/0113-150x272.jpg 150w\" sizes=\"auto, (max-width: 750px) 100vw, 750px\" \/> <img loading=\"lazy\" decoding=\"async\" class=\"alignnone size-full wp-image-10433\" src=\"https:\/\/www.gmcellpower.com\/wp-content\/themes\/woodmart\/images\/lazy.svg\" data-src=\"http:\/\/www.gmcellpower.com\/wp-content\/uploads\/2025\/11\/0114.jpg\" alt=\"\" width=\"750\" height=\"573\" srcset=\"\" data-srcset=\"https:\/\/www.gmcellpower.com\/wp-content\/uploads\/2025\/11\/0114.jpg 750w, https:\/\/www.gmcellpower.com\/wp-content\/uploads\/2025\/11\/0114-393x300.jpg 393w, https:\/\/www.gmcellpower.com\/wp-content\/uploads\/2025\/11\/0114-16x12.jpg 16w, https:\/\/www.gmcellpower.com\/wp-content\/uploads\/2025\/11\/0114-430x329.jpg 430w, https:\/\/www.gmcellpower.com\/wp-content\/uploads\/2025\/11\/0114-700x535.jpg 700w, https:\/\/www.gmcellpower.com\/wp-content\/uploads\/2025\/11\/0114-150x115.jpg 150w\" sizes=\"auto, (max-width: 750px) 100vw, 750px\" \/> <img loading=\"lazy\" decoding=\"async\" class=\"alignnone size-full wp-image-10434\" src=\"https:\/\/www.gmcellpower.com\/wp-content\/themes\/woodmart\/images\/lazy.svg\" data-src=\"http:\/\/www.gmcellpower.com\/wp-content\/uploads\/2025\/11\/0115.jpg\" alt=\"\" width=\"750\" height=\"770\" srcset=\"\" data-srcset=\"https:\/\/www.gmcellpower.com\/wp-content\/uploads\/2025\/11\/0115.jpg 750w, https:\/\/www.gmcellpower.com\/wp-content\/uploads\/2025\/11\/0115-292x300.jpg 292w, https:\/\/www.gmcellpower.com\/wp-content\/uploads\/2025\/11\/0115-12x12.jpg 12w, https:\/\/www.gmcellpower.com\/wp-content\/uploads\/2025\/11\/0115-430x441.jpg 430w, https:\/\/www.gmcellpower.com\/wp-content\/uploads\/2025\/11\/0115-700x719.jpg 700w, https:\/\/www.gmcellpower.com\/wp-content\/uploads\/2025\/11\/0115-150x154.jpg 150w\" sizes=\"auto, (max-width: 750px) 100vw, 750px\" \/> <img loading=\"lazy\" decoding=\"async\" class=\"alignnone size-full wp-image-10435\" src=\"https:\/\/www.gmcellpower.com\/wp-content\/themes\/woodmart\/images\/lazy.svg\" data-src=\"http:\/\/www.gmcellpower.com\/wp-content\/uploads\/2025\/11\/0116.jpg\" alt=\"\" width=\"750\" height=\"1242\" srcset=\"\" data-srcset=\"https:\/\/www.gmcellpower.com\/wp-content\/uploads\/2025\/11\/0116.jpg 750w, https:\/\/www.gmcellpower.com\/wp-content\/uploads\/2025\/11\/0116-181x300.jpg 181w, https:\/\/www.gmcellpower.com\/wp-content\/uploads\/2025\/11\/0116-483x800.jpg 483w, https:\/\/www.gmcellpower.com\/wp-content\/uploads\/2025\/11\/0116-7x12.jpg 7w, https:\/\/www.gmcellpower.com\/wp-content\/uploads\/2025\/11\/0116-430x712.jpg 430w, https:\/\/www.gmcellpower.com\/wp-content\/uploads\/2025\/11\/0116-700x1159.jpg 700w, https:\/\/www.gmcellpower.com\/wp-content\/uploads\/2025\/11\/0116-150x248.jpg 150w\" sizes=\"auto, (max-width: 750px) 100vw, 750px\" \/> <img loading=\"lazy\" decoding=\"async\" class=\"alignnone size-full wp-image-10436\" src=\"https:\/\/www.gmcellpower.com\/wp-content\/themes\/woodmart\/images\/lazy.svg\" data-src=\"http:\/\/www.gmcellpower.com\/wp-content\/uploads\/2025\/11\/0117.jpg\" alt=\"\" width=\"750\" height=\"1017\" srcset=\"\" data-srcset=\"https:\/\/www.gmcellpower.com\/wp-content\/uploads\/2025\/11\/0117.jpg 750w, https:\/\/www.gmcellpower.com\/wp-content\/uploads\/2025\/11\/0117-221x300.jpg 221w, https:\/\/www.gmcellpower.com\/wp-content\/uploads\/2025\/11\/0117-590x800.jpg 590w, https:\/\/www.gmcellpower.com\/wp-content\/uploads\/2025\/11\/0117-9x12.jpg 9w, https:\/\/www.gmcellpower.com\/wp-content\/uploads\/2025\/11\/0117-430x583.jpg 430w, https:\/\/www.gmcellpower.com\/wp-content\/uploads\/2025\/11\/0117-700x949.jpg 700w, https:\/\/www.gmcellpower.com\/wp-content\/uploads\/2025\/11\/0117-150x203.jpg 150w\" sizes=\"auto, (max-width: 750px) 100vw, 750px\" \/><\/div>\n<\/div>\n<\/div>\n<\/div>\n<\/div>\n<\/div>\n<\/div>","protected":false},"excerpt":{"rendered":"<h3>Alkaline 23A Battery<\/h3>\n<p>The GMCell 23A Alkaline Battery is a high-performance, 12V battery ideal for powering a variety of small electronic devices, including remote controls, keyless entry systems, and security devices. Engineered with leak-proof technology and a stable discharge rate, it provides reliable, long-lasting energy. This battery is mercury-free, environmentally compliant, and meets strict safety standards like CE and RoHS<\/p>","protected":false},"featured_media":9513,"template":"","meta":{"_acf_changed":false},"product_brand":[],"product_cat":[21],"product_tag":[84],"class_list":{"0":"post-9512","1":"product","2":"type-product","3":"status-publish","4":"has-post-thumbnail","6":"product_cat-alkaline-batteries","7":"product_tag-gmcellalkaline-battery","9":"first","10":"instock","11":"shipping-taxable","12":"product-type-simple"},"acf":[],"aioseo_notices":[],"_links":{"self":[{"href":"https:\/\/www.gmcellpower.com\/pt\/wp-json\/wp\/v2\/product\/9512","targetHints":{"allow":["GET"]}}],"collection":[{"href":"https:\/\/www.gmcellpower.com\/pt\/wp-json\/wp\/v2\/product"}],"about":[{"href":"https:\/\/www.gmcellpower.com\/pt\/wp-json\/wp\/v2\/types\/product"}],"wp:featuredmedia":[{"embeddable":true,"href":"https:\/\/www.gmcellpower.com\/pt\/wp-json\/wp\/v2\/media\/9513"}],"wp:attachment":[{"href":"https:\/\/www.gmcellpower.com\/pt\/wp-json\/wp\/v2\/media?parent=9512"}],"wp:term":[{"taxonomy":"product_brand","embeddable":true,"href":"https:\/\/www.gmcellpower.com\/pt\/wp-json\/wp\/v2\/product_brand?post=9512"},{"taxonomy":"product_cat","embeddable":true,"href":"https:\/\/www.gmcellpower.com\/pt\/wp-json\/wp\/v2\/product_cat?post=9512"},{"taxonomy":"product_tag","embeddable":true,"href":"https:\/\/www.gmcellpower.com\/pt\/wp-json\/wp\/v2\/product_tag?post=9512"}],"curies":[{"name":"wp","href":"https:\/\/api.w.org\/{rel}","templated":true}]}}